{"id":76,"date":"2015-06-24T10:44:31","date_gmt":"2015-06-24T08:44:31","guid":{"rendered":"http:\/\/web-look.ch\/chorwoche-2015\/?page_id=76"},"modified":"2015-06-29T10:41:49","modified_gmt":"2015-06-29T08:41:49","slug":"vereinsmitglied","status":"publish","type":"page","link":"https:\/\/web-look.ch\/chorwoche-2015\/?page_id=76","title":{"rendered":"Vereinsmitglied"},"content":{"rendered":"<p>Ich werde Mitglied im Verein Singwoche f\u00fcr geistliche Musik.<\/p>\n\n<div class=\"wpcf7 no-js\" id=\"wpcf7-f75-o1\" lang=\"de-DE\" dir=\"ltr\" data-wpcf7-id=\"75\">\n<div class=\"screen-reader-response\"><p role=\"status\" aria-live=\"polite\" aria-atomic=\"true\"><\/p> <ul><\/ul><\/div>\n<form action=\"\/chorwoche-2015\/index.php?rest_route=%2Fwp%2Fv2%2Fpages%2F76#wpcf7-f75-o1\" method=\"post\" class=\"wpcf7-form init\" aria-label=\"Kontaktformular\" novalidate=\"novalidate\" data-status=\"init\">\n<fieldset class=\"hidden-fields-container\"><input type=\"hidden\" name=\"_wpcf7\" value=\"75\" \/><input type=\"hidden\" name=\"_wpcf7_version\" value=\"6.1.5\" \/><input type=\"hidden\" name=\"_wpcf7_locale\" value=\"de_DE\" \/><input type=\"hidden\" name=\"_wpcf7_unit_tag\" value=\"wpcf7-f75-o1\" \/><input type=\"hidden\" name=\"_wpcf7_container_post\" value=\"0\" \/><input type=\"hidden\" name=\"_wpcf7_posted_data_hash\" value=\"\" \/>\n<\/fieldset>\n<p>(* Pflichtfelder)<br \/>\n<span class=\"wpcf7-form-control-wrap\" data-name=\"nome\"><input size=\"40\" maxlength=\"400\" class=\"wpcf7-form-control wpcf7-text wpcf7-validates-as-required\" aria-required=\"true\" aria-invalid=\"false\" placeholder=\"* Name\" value=\"\" type=\"text\" name=\"nome\" \/><\/span>\n<\/p>\n<p><span class=\"wpcf7-form-control-wrap\" data-name=\"vorname\"><input size=\"40\" maxlength=\"400\" class=\"wpcf7-form-control wpcf7-text wpcf7-validates-as-required\" aria-required=\"true\" aria-invalid=\"false\" placeholder=\"* Vorname\" value=\"\" type=\"text\" name=\"vorname\" \/><\/span>\n<\/p>\n<p><span class=\"wpcf7-form-control-wrap\" data-name=\"geb_datum\"><input size=\"40\" maxlength=\"400\" class=\"wpcf7-form-control wpcf7-text\" aria-invalid=\"false\" placeholder=\"Geburtsdatum\" value=\"\" type=\"text\" name=\"geb_datum\" \/><\/span>\n<\/p>\n<p><span class=\"wpcf7-form-control-wrap\" data-name=\"strasse\"><input size=\"40\" maxlength=\"400\" class=\"wpcf7-form-control wpcf7-text wpcf7-validates-as-required\" aria-required=\"true\" aria-invalid=\"false\" placeholder=\"* Strasse+Nr.\" value=\"\" type=\"text\" name=\"strasse\" \/><\/span>\n<\/p>\n<p><span class=\"wpcf7-form-control-wrap\" data-name=\"plz_ort\"><input size=\"40\" maxlength=\"400\" class=\"wpcf7-form-control wpcf7-text wpcf7-validates-as-required\" aria-required=\"true\" aria-invalid=\"false\" placeholder=\"* PLZ und Ort\" value=\"\" type=\"text\" name=\"plz_ort\" \/><\/span>\n<\/p>\n<p><span class=\"wpcf7-form-control-wrap\" data-name=\"telefon\"><input size=\"40\" maxlength=\"400\" class=\"wpcf7-form-control wpcf7-text wpcf7-validates-as-required\" aria-required=\"true\" aria-invalid=\"false\" placeholder=\"* Telefon\" value=\"\" type=\"text\" name=\"telefon\" \/><\/span>\n<\/p>\n<p><span class=\"wpcf7-form-control-wrap\" data-name=\"email\"><input size=\"40\" maxlength=\"400\" class=\"wpcf7-form-control wpcf7-email wpcf7-validates-as-required wpcf7-text wpcf7-validates-as-email\" aria-required=\"true\" aria-invalid=\"false\" placeholder=\"* E-Mail\" value=\"\" type=\"email\" name=\"email\" \/><\/span><br \/>\nArt der Mitgliedschaft:<br \/>\n- Einzelperson, Jahresbetrag CHF 20.-<br \/>\n- Ehepaar, Jahresbeitrag CHF 30.-<br \/>\n- Kollektivmitglied, Jahresbeitrag CHF 100.-<br \/>\n<span class=\"wpcf7-form-control-wrap\" data-name=\"Mitgliedsart\"><span class=\"wpcf7-form-control wpcf7-radio\"><span class=\"wpcf7-list-item first\"><input type=\"radio\" name=\"Mitgliedsart\" value=\"Einzelperson\" \/><span class=\"wpcf7-list-item-label\">Einzelperson<\/span><\/span><span class=\"wpcf7-list-item\"><input type=\"radio\" name=\"Mitgliedsart\" value=\"Ehepaar\" \/><span class=\"wpcf7-list-item-label\">Ehepaar<\/span><\/span><span class=\"wpcf7-list-item last\"><input type=\"radio\" name=\"Mitgliedsart\" value=\"Kollektiv\" \/><span class=\"wpcf7-list-item-label\">Kollektiv<\/span><\/span><\/span><\/span>\n<\/p>\n<p><span class=\"wpcf7-form-control-wrap\" data-name=\"Vereins-Statuten\"><span class=\"wpcf7-form-control wpcf7-checkbox\"><span class=\"wpcf7-list-item first last\"><input type=\"checkbox\" name=\"Vereins-Statuten[]\" value=\"Bitte senden Sie mir die Vereins-Statuten zu\" \/><span class=\"wpcf7-list-item-label\">Bitte senden Sie mir die Vereins-Statuten zu<\/span><\/span><\/span><\/span>\n<\/p>\n<p><span class=\"wpcf7-form-control-wrap\" data-name=\"Bemerkungen\"><textarea cols=\"2\" rows=\"3\" maxlength=\"2000\" class=\"wpcf7-form-control wpcf7-textarea\" aria-invalid=\"false\" placeholder=\"Bemerkungen\" name=\"Bemerkungen\"><\/textarea><\/span><br \/>\nBitte tragen Sie die abgebildeten Zeichenfolge in das untenstehende Feld ein und senden Sie anschliessend Ihre Anmldung ab.\n<\/p>\n<p><input type=\"hidden\" name=\"_wpcf7_captcha_challenge_captcha-173\" value=\"2344085600\" \/><img loading=\"lazy\" decoding=\"async\" class=\"wpcf7-form-control wpcf7-captchac wpcf7-captcha-captcha-173\" width=\"72\" height=\"24\" alt=\"captcha\" src=\"https:\/\/web-look.ch\/chorwoche-2015\/wp-content\/uploads\/wpcf7_captcha\/2344085600.png\" \/>\n<\/p>\n<p><span class=\"wpcf7-form-control-wrap\" data-name=\"captcha-173\"><input size=\"40\" class=\"wpcf7-form-control wpcf7-captchar\" autocomplete=\"off\" aria-invalid=\"false\" value=\"\" type=\"text\" name=\"captcha-173\" \/><\/span>\n<\/p>\n<p><input class=\"wpcf7-form-control wpcf7-submit has-spinner\" type=\"submit\" value=\"Senden\" \/>\n<\/p><div class=\"wpcf7-response-output\" aria-hidden=\"true\"><\/div>\n<\/form>\n<\/div>\n\n<p>Der Verein Singwoche f\u00fcr geistliche Musik (vormals\u00a0Verein H\u00fcniger Singwoche) wurde am 9. Oktober 2004 im Zentrum Artos in Interlaken gegr\u00fcndet. Somit konnte in der 65. H\u00fcniger Singwoche der langj\u00e4hrigen Tradition von Singwoche und Singtreffen eine juristische Form verpasst werden. Bereits in der Gr\u00fcnderversammlung haben sich 40 Personen zur Vereinsmitgliedschaft entschlossen.<\/p>\n<p>Wir freuen uns auch \u00fcber Ihre Mitgliedschaft und laden Sie dazu herzlich ein.<\/p>\n","protected":false},"excerpt":{"rendered":"<p>Ich werde Mitglied im Verein Singwoche f\u00fcr geistliche Musik. Der Verein Singwoche f\u00fcr geistliche Musik (vormals\u00a0Verein H\u00fcniger Singwoche) wurde am 9. Oktober 2004 im Zentrum Artos in Interlaken gegr\u00fcndet. Somit konnte in der 65. H\u00fcniger Singwoche der langj\u00e4hrigen Tradition von<\/p>\n","protected":false},"author":1,"featured_media":0,"parent":0,"menu_order":0,"comment_status":"closed","ping_status":"closed","template":"","meta":{"footnotes":""},"class_list":["post-76","page","type-page","status-publish","hentry"],"yoast_head":"<!-- This site is optimized with the Yoast SEO plugin v27.5 - https:\/\/yoast.com\/product\/yoast-seo-wordpress\/ -->\n<title>Vereinsmitglied - Chorwoche<\/title>\n<meta name=\"description\" content=\"Mitglied werden im Verein Singwoche f\u00fcr geistliche Musik.\" \/>\n<meta name=\"robots\" content=\"index, follow, max-snippet:-1, max-image-preview:large, max-video-preview:-1\" \/>\n<link rel=\"canonical\" href=\"https:\/\/web-look.ch\/chorwoche-2015\/?page_id=76\" \/>\n<meta property=\"og:locale\" content=\"de_DE\" \/>\n<meta property=\"og:type\" content=\"article\" \/>\n<meta property=\"og:title\" content=\"Vereinsmitglied - Chorwoche\" \/>\n<meta property=\"og:description\" content=\"Mitglied werden im Verein Singwoche f\u00fcr geistliche Musik.\" \/>\n<meta property=\"og:url\" content=\"https:\/\/web-look.ch\/chorwoche-2015\/?page_id=76\" \/>\n<meta property=\"og:site_name\" content=\"Chorwoche\" \/>\n<meta property=\"article:modified_time\" content=\"2015-06-29T08:41:49+00:00\" \/>\n<meta name=\"twitter:card\" content=\"summary_large_image\" \/>\n<script type=\"application\/ld+json\" class=\"yoast-schema-graph\">{\"@context\":\"https:\\\/\\\/schema.org\",\"@graph\":[{\"@type\":\"WebPage\",\"@id\":\"https:\\\/\\\/web-look.ch\\\/chorwoche-2015\\\/?page_id=76\",\"url\":\"https:\\\/\\\/web-look.ch\\\/chorwoche-2015\\\/?page_id=76\",\"name\":\"Vereinsmitglied - Chorwoche\",\"isPartOf\":{\"@id\":\"https:\\\/\\\/web-look.ch\\\/chorwoche-2015\\\/#website\"},\"datePublished\":\"2015-06-24T08:44:31+00:00\",\"dateModified\":\"2015-06-29T08:41:49+00:00\",\"description\":\"Mitglied werden im Verein Singwoche f\u00fcr geistliche Musik.\",\"breadcrumb\":{\"@id\":\"https:\\\/\\\/web-look.ch\\\/chorwoche-2015\\\/?page_id=76#breadcrumb\"},\"inLanguage\":\"de\",\"potentialAction\":[{\"@type\":\"ReadAction\",\"target\":[\"https:\\\/\\\/web-look.ch\\\/chorwoche-2015\\\/?page_id=76\"]}]},{\"@type\":\"BreadcrumbList\",\"@id\":\"https:\\\/\\\/web-look.ch\\\/chorwoche-2015\\\/?page_id=76#breadcrumb\",\"itemListElement\":[{\"@type\":\"ListItem\",\"position\":1,\"name\":\"Home\",\"item\":\"https:\\\/\\\/web-look.ch\\\/chorwoche-2015\\\/\"},{\"@type\":\"ListItem\",\"position\":2,\"name\":\"Vereinsmitglied\"}]},{\"@type\":\"WebSite\",\"@id\":\"https:\\\/\\\/web-look.ch\\\/chorwoche-2015\\\/#website\",\"url\":\"https:\\\/\\\/web-look.ch\\\/chorwoche-2015\\\/\",\"name\":\"Chorwoche\",\"description\":\"\",\"potentialAction\":[{\"@type\":\"SearchAction\",\"target\":{\"@type\":\"EntryPoint\",\"urlTemplate\":\"https:\\\/\\\/web-look.ch\\\/chorwoche-2015\\\/?s={search_term_string}\"},\"query-input\":{\"@type\":\"PropertyValueSpecification\",\"valueRequired\":true,\"valueName\":\"search_term_string\"}}],\"inLanguage\":\"de\"}]}<\/script>\n<!-- \/ Yoast SEO plugin. -->","yoast_head_json":{"title":"Vereinsmitglied - Chorwoche","description":"Mitglied werden im Verein Singwoche f\u00fcr geistliche Musik.","robots":{"index":"index","follow":"follow","max-snippet":"max-snippet:-1","max-image-preview":"max-image-preview:large","max-video-preview":"max-video-preview:-1"},"canonical":"https:\/\/web-look.ch\/chorwoche-2015\/?page_id=76","og_locale":"de_DE","og_type":"article","og_title":"Vereinsmitglied - Chorwoche","og_description":"Mitglied werden im Verein Singwoche f\u00fcr geistliche Musik.","og_url":"https:\/\/web-look.ch\/chorwoche-2015\/?page_id=76","og_site_name":"Chorwoche","article_modified_time":"2015-06-29T08:41:49+00:00","twitter_card":"summary_large_image","schema":{"@context":"https:\/\/schema.org","@graph":[{"@type":"WebPage","@id":"https:\/\/web-look.ch\/chorwoche-2015\/?page_id=76","url":"https:\/\/web-look.ch\/chorwoche-2015\/?page_id=76","name":"Vereinsmitglied - Chorwoche","isPartOf":{"@id":"https:\/\/web-look.ch\/chorwoche-2015\/#website"},"datePublished":"2015-06-24T08:44:31+00:00","dateModified":"2015-06-29T08:41:49+00:00","description":"Mitglied werden im Verein Singwoche f\u00fcr geistliche Musik.","breadcrumb":{"@id":"https:\/\/web-look.ch\/chorwoche-2015\/?page_id=76#breadcrumb"},"inLanguage":"de","potentialAction":[{"@type":"ReadAction","target":["https:\/\/web-look.ch\/chorwoche-2015\/?page_id=76"]}]},{"@type":"BreadcrumbList","@id":"https:\/\/web-look.ch\/chorwoche-2015\/?page_id=76#breadcrumb","itemListElement":[{"@type":"ListItem","position":1,"name":"Home","item":"https:\/\/web-look.ch\/chorwoche-2015\/"},{"@type":"ListItem","position":2,"name":"Vereinsmitglied"}]},{"@type":"WebSite","@id":"https:\/\/web-look.ch\/chorwoche-2015\/#website","url":"https:\/\/web-look.ch\/chorwoche-2015\/","name":"Chorwoche","description":"","potentialAction":[{"@type":"SearchAction","target":{"@type":"EntryPoint","urlTemplate":"https:\/\/web-look.ch\/chorwoche-2015\/?s={search_term_string}"},"query-input":{"@type":"PropertyValueSpecification","valueRequired":true,"valueName":"search_term_string"}}],"inLanguage":"de"}]}},"_links":{"self":[{"href":"https:\/\/web-look.ch\/chorwoche-2015\/index.php?rest_route=\/wp\/v2\/pages\/76","targetHints":{"allow":["GET"]}}],"collection":[{"href":"https:\/\/web-look.ch\/chorwoche-2015\/index.php?rest_route=\/wp\/v2\/pages"}],"about":[{"href":"https:\/\/web-look.ch\/chorwoche-2015\/index.php?rest_route=\/wp\/v2\/types\/page"}],"author":[{"embeddable":true,"href":"https:\/\/web-look.ch\/chorwoche-2015\/index.php?rest_route=\/wp\/v2\/users\/1"}],"replies":[{"embeddable":true,"href":"https:\/\/web-look.ch\/chorwoche-2015\/index.php?rest_route=%2Fwp%2Fv2%2Fcomments&post=76"}],"version-history":[{"count":1,"href":"https:\/\/web-look.ch\/chorwoche-2015\/index.php?rest_route=\/wp\/v2\/pages\/76\/revisions"}],"predecessor-version":[{"id":77,"href":"https:\/\/web-look.ch\/chorwoche-2015\/index.php?rest_route=\/wp\/v2\/pages\/76\/revisions\/77"}],"wp:attachment":[{"href":"https:\/\/web-look.ch\/chorwoche-2015\/index.php?rest_route=%2Fwp%2Fv2%2Fmedia&parent=76"}],"curies":[{"name":"wp","href":"https:\/\/api.w.org\/{rel}","templated":true}]}}