{"id":6,"date":"2015-05-18T17:39:47","date_gmt":"2015-05-18T15:39:47","guid":{"rendered":"http:\/\/web-look.ch\/chorwoche-2015\/?page_id=6"},"modified":"2026-02-01T10:54:02","modified_gmt":"2026-02-01T09:54:02","slug":"singtreffen","status":"publish","type":"page","link":"https:\/\/web-look.ch\/chorwoche-2015\/?page_id=6","title":{"rendered":"Singtreffen"},"content":{"rendered":"<p><a href=\"http:\/\/web-look.ch\/chorwoche-2015\/wp-content\/uploads\/2019\/12\/SiTr_19_01-scaled.jpg\"><img loading=\"lazy\" decoding=\"async\" class=\"size-medium wp-image-312 alignright\" src=\"http:\/\/web-look.ch\/chorwoche-2015\/wp-content\/uploads\/2019\/12\/SiTr_19_01-300x200.jpg\" alt=\"\" width=\"300\" height=\"200\" srcset=\"https:\/\/web-look.ch\/chorwoche-2015\/wp-content\/uploads\/2019\/12\/SiTr_19_01-300x200.jpg 300w, https:\/\/web-look.ch\/chorwoche-2015\/wp-content\/uploads\/2019\/12\/SiTr_19_01-1024x683.jpg 1024w, https:\/\/web-look.ch\/chorwoche-2015\/wp-content\/uploads\/2019\/12\/SiTr_19_01-768x512.jpg 768w, https:\/\/web-look.ch\/chorwoche-2015\/wp-content\/uploads\/2019\/12\/SiTr_19_01-1536x1024.jpg 1536w, https:\/\/web-look.ch\/chorwoche-2015\/wp-content\/uploads\/2019\/12\/SiTr_19_01-2048x1365.jpg 2048w\" sizes=\"auto, (max-width: 300px) 100vw, 300px\" \/><\/a>Sie m\u00f6chten ein Wochenende lang schnuppern bei uns? Sch\u00f6n, herzlich willkommen.<br \/>\nDas Singtreffen wird sehr gesch\u00e4tzt, da es ein Aufgreifen von Werken aus der Singwoche ist,<br \/>\naber bereits auch einen Einblick ins Programm der kommenden Singwoche erm\u00f6glicht.<\/p>\n<p><strong>Musikalisches Programm<br \/>\nin Bearbeitung<\/strong><\/p>\n<p><strong>Leitung<\/strong><\/p>\n<p>Silvia Matile-Eggenberger<br \/>\nChorleiterin Kirchenmusik, Musikerin, Tamins<br \/>\n<a href=\"http:\/\/web-look.ch\/chorwoche-2015\/wp-content\/uploads\/2023\/12\/CV-Silvia-Matile-Eggenberger.pdf\" target=\"_blank\" rel=\"noopener\">CV Silvia Matile-Eggenberger<\/a><\/p>\n<p>Matthias Stefan, Riggisberg<br \/>\nKirchenmusiker, Stimmbildner, S\u00e4nger<br \/>\n<a href=\"http:\/\/web-look.ch\/chorwoche-2015\/wp-content\/uploads\/2024\/07\/CV_Chorwoche-fuer-geistliche-Musik_2405202.pdf\">CV Matthias Stefan<\/a><\/p>\n<p><strong>Termine<\/strong><\/p>\n<p>Samstag und Sonntag, 30. und 31. Januar 2027<\/p>\n<p><strong>Ort<\/strong><\/p>\n<p>Hotel Zentrum Artos, Interlaken<br \/>\nwww.artos-hotel.ch<\/p>\n<p><strong>Preise<\/strong><\/p>\n<table width=\"323\">\n<tbody>\n<tr>\n<td width=\"258\">Kurskosten pro Person<\/td>\n<td style=\"text-align: right;\" width=\"65\">65.&#8211;<\/td>\n<\/tr>\n<tr>\n<td>Einzelzimmer, inkl. Vollpension<\/td>\n<td style=\"text-align: right;\">197.&#8211;<\/td>\n<\/tr>\n<tr>\n<td>Doppelzimmer, inkl. Vollpension<\/td>\n<td style=\"text-align: right;\">167.&#8211;<\/td>\n<\/tr>\n<tr>\n<td><\/td>\n<td style=\"text-align: right;\"><\/td>\n<\/tr>\n<tr>\n<td>Tagesgast (mit Mittag- und Abendessen)<\/td>\n<td style=\"text-align: right;\">86.&#8211;<\/td>\n<\/tr>\n<\/tbody>\n<\/table>\n<p>Die Preise verstehen sich in Schweizer Franken und pro Person.<\/p>\n<p><strong>Anmeldung<\/strong><\/p>\n<p>Melden Sie sich bitte fr\u00fchzeitig an, die Teilnehmerzahl ist aus organisatorischen Gr\u00fcnden beschr\u00e4nkt.<\/p>\n<p><a href=\"http:\/\/web-look.ch\/chorwoche-2015\/?page_id=65\">Hier geht es zur Anmeldung gleich online.<\/a><\/p>\n","protected":false},"excerpt":{"rendered":"<p>Sie m\u00f6chten ein Wochenende lang schnuppern bei uns? Sch\u00f6n, herzlich willkommen. Das Singtreffen wird sehr gesch\u00e4tzt, da es ein Aufgreifen von Werken aus der Singwoche ist, aber bereits auch einen Einblick ins Programm der kommenden Singwoche erm\u00f6glicht. Musikalisches Programm in<\/p>\n","protected":false},"author":1,"featured_media":0,"parent":0,"menu_order":0,"comment_status":"closed","ping_status":"closed","template":"","meta":{"footnotes":""},"class_list":["post-6","page","type-page","status-publish","hentry"],"yoast_head":"<!-- This site is optimized with the Yoast SEO plugin v27.5 - https:\/\/yoast.com\/product\/yoast-seo-wordpress\/ -->\n<title>Singtreffen - Chorwoche<\/title>\n<meta name=\"description\" content=\"Ein Wochenende lang in das Arbeiten des &quot;Vereins Singwoche f\u00fcr geistliche Musik&quot; hineinhorchen? S\u00e4ngerinnen und S\u00e4nger sch\u00e4tzen dieses Singtreffen sehr.\" \/>\n<meta name=\"robots\" content=\"index, follow, max-snippet:-1, max-image-preview:large, max-video-preview:-1\" \/>\n<link rel=\"canonical\" href=\"https:\/\/web-look.ch\/chorwoche-2015\/?page_id=6\" \/>\n<meta property=\"og:locale\" content=\"de_DE\" \/>\n<meta property=\"og:type\" content=\"article\" \/>\n<meta property=\"og:title\" content=\"Singtreffen - Chorwoche\" \/>\n<meta property=\"og:description\" content=\"Ein Wochenende lang in das Arbeiten des &quot;Vereins Singwoche f\u00fcr geistliche Musik&quot; hineinhorchen? S\u00e4ngerinnen und S\u00e4nger sch\u00e4tzen dieses Singtreffen sehr.\" \/>\n<meta property=\"og:url\" content=\"https:\/\/web-look.ch\/chorwoche-2015\/?page_id=6\" \/>\n<meta property=\"og:site_name\" content=\"Chorwoche\" \/>\n<meta property=\"article:modified_time\" content=\"2026-02-01T09:54:02+00:00\" \/>\n<meta property=\"og:image\" content=\"https:\/\/web-look.ch\/chorwoche-2015\/wp-content\/uploads\/2019\/12\/SiTr_19_01-scaled.jpg\" \/>\n\t<meta property=\"og:image:width\" content=\"2560\" \/>\n\t<meta property=\"og:image:height\" content=\"1707\" \/>\n\t<meta property=\"og:image:type\" content=\"image\/jpeg\" \/>\n<meta name=\"twitter:card\" content=\"summary_large_image\" \/>\n<meta name=\"twitter:label1\" content=\"Gesch\u00e4tzte Lesezeit\" \/>\n\t<meta name=\"twitter:data1\" content=\"1\u00a0Minute\" \/>\n<script type=\"application\/ld+json\" class=\"yoast-schema-graph\">{\"@context\":\"https:\\\/\\\/schema.org\",\"@graph\":[{\"@type\":\"WebPage\",\"@id\":\"https:\\\/\\\/web-look.ch\\\/chorwoche-2015\\\/?page_id=6\",\"url\":\"https:\\\/\\\/web-look.ch\\\/chorwoche-2015\\\/?page_id=6\",\"name\":\"Singtreffen - Chorwoche\",\"isPartOf\":{\"@id\":\"https:\\\/\\\/web-look.ch\\\/chorwoche-2015\\\/#website\"},\"primaryImageOfPage\":{\"@id\":\"https:\\\/\\\/web-look.ch\\\/chorwoche-2015\\\/?page_id=6#primaryimage\"},\"image\":{\"@id\":\"https:\\\/\\\/web-look.ch\\\/chorwoche-2015\\\/?page_id=6#primaryimage\"},\"thumbnailUrl\":\"http:\\\/\\\/web-look.ch\\\/chorwoche-2015\\\/wp-content\\\/uploads\\\/2019\\\/12\\\/SiTr_19_01-300x200.jpg\",\"datePublished\":\"2015-05-18T15:39:47+00:00\",\"dateModified\":\"2026-02-01T09:54:02+00:00\",\"description\":\"Ein Wochenende lang in das Arbeiten des \\\"Vereins Singwoche f\u00fcr geistliche Musik\\\" hineinhorchen? S\u00e4ngerinnen und S\u00e4nger sch\u00e4tzen dieses Singtreffen sehr.\",\"breadcrumb\":{\"@id\":\"https:\\\/\\\/web-look.ch\\\/chorwoche-2015\\\/?page_id=6#breadcrumb\"},\"inLanguage\":\"de\",\"potentialAction\":[{\"@type\":\"ReadAction\",\"target\":[\"https:\\\/\\\/web-look.ch\\\/chorwoche-2015\\\/?page_id=6\"]}]},{\"@type\":\"ImageObject\",\"inLanguage\":\"de\",\"@id\":\"https:\\\/\\\/web-look.ch\\\/chorwoche-2015\\\/?page_id=6#primaryimage\",\"url\":\"https:\\\/\\\/web-look.ch\\\/chorwoche-2015\\\/wp-content\\\/uploads\\\/2019\\\/12\\\/SiTr_19_01-scaled.jpg\",\"contentUrl\":\"https:\\\/\\\/web-look.ch\\\/chorwoche-2015\\\/wp-content\\\/uploads\\\/2019\\\/12\\\/SiTr_19_01-scaled.jpg\",\"width\":2560,\"height\":1707},{\"@type\":\"BreadcrumbList\",\"@id\":\"https:\\\/\\\/web-look.ch\\\/chorwoche-2015\\\/?page_id=6#breadcrumb\",\"itemListElement\":[{\"@type\":\"ListItem\",\"position\":1,\"name\":\"Home\",\"item\":\"https:\\\/\\\/web-look.ch\\\/chorwoche-2015\\\/\"},{\"@type\":\"ListItem\",\"position\":2,\"name\":\"Singtreffen\"}]},{\"@type\":\"WebSite\",\"@id\":\"https:\\\/\\\/web-look.ch\\\/chorwoche-2015\\\/#website\",\"url\":\"https:\\\/\\\/web-look.ch\\\/chorwoche-2015\\\/\",\"name\":\"Chorwoche\",\"description\":\"\",\"potentialAction\":[{\"@type\":\"SearchAction\",\"target\":{\"@type\":\"EntryPoint\",\"urlTemplate\":\"https:\\\/\\\/web-look.ch\\\/chorwoche-2015\\\/?s={search_term_string}\"},\"query-input\":{\"@type\":\"PropertyValueSpecification\",\"valueRequired\":true,\"valueName\":\"search_term_string\"}}],\"inLanguage\":\"de\"}]}<\/script>\n<!-- \/ Yoast SEO plugin. -->","yoast_head_json":{"title":"Singtreffen - Chorwoche","description":"Ein Wochenende lang in das Arbeiten des \"Vereins Singwoche f\u00fcr geistliche Musik\" hineinhorchen? S\u00e4ngerinnen und S\u00e4nger sch\u00e4tzen dieses Singtreffen sehr.","robots":{"index":"index","follow":"follow","max-snippet":"max-snippet:-1","max-image-preview":"max-image-preview:large","max-video-preview":"max-video-preview:-1"},"canonical":"https:\/\/web-look.ch\/chorwoche-2015\/?page_id=6","og_locale":"de_DE","og_type":"article","og_title":"Singtreffen - Chorwoche","og_description":"Ein Wochenende lang in das Arbeiten des \"Vereins Singwoche f\u00fcr geistliche Musik\" hineinhorchen? S\u00e4ngerinnen und S\u00e4nger sch\u00e4tzen dieses Singtreffen sehr.","og_url":"https:\/\/web-look.ch\/chorwoche-2015\/?page_id=6","og_site_name":"Chorwoche","article_modified_time":"2026-02-01T09:54:02+00:00","og_image":[{"width":2560,"height":1707,"url":"https:\/\/web-look.ch\/chorwoche-2015\/wp-content\/uploads\/2019\/12\/SiTr_19_01-scaled.jpg","type":"image\/jpeg"}],"twitter_card":"summary_large_image","twitter_misc":{"Gesch\u00e4tzte Lesezeit":"1\u00a0Minute"},"schema":{"@context":"https:\/\/schema.org","@graph":[{"@type":"WebPage","@id":"https:\/\/web-look.ch\/chorwoche-2015\/?page_id=6","url":"https:\/\/web-look.ch\/chorwoche-2015\/?page_id=6","name":"Singtreffen - Chorwoche","isPartOf":{"@id":"https:\/\/web-look.ch\/chorwoche-2015\/#website"},"primaryImageOfPage":{"@id":"https:\/\/web-look.ch\/chorwoche-2015\/?page_id=6#primaryimage"},"image":{"@id":"https:\/\/web-look.ch\/chorwoche-2015\/?page_id=6#primaryimage"},"thumbnailUrl":"http:\/\/web-look.ch\/chorwoche-2015\/wp-content\/uploads\/2019\/12\/SiTr_19_01-300x200.jpg","datePublished":"2015-05-18T15:39:47+00:00","dateModified":"2026-02-01T09:54:02+00:00","description":"Ein Wochenende lang in das Arbeiten des \"Vereins Singwoche f\u00fcr geistliche Musik\" hineinhorchen? S\u00e4ngerinnen und S\u00e4nger sch\u00e4tzen dieses Singtreffen sehr.","breadcrumb":{"@id":"https:\/\/web-look.ch\/chorwoche-2015\/?page_id=6#breadcrumb"},"inLanguage":"de","potentialAction":[{"@type":"ReadAction","target":["https:\/\/web-look.ch\/chorwoche-2015\/?page_id=6"]}]},{"@type":"ImageObject","inLanguage":"de","@id":"https:\/\/web-look.ch\/chorwoche-2015\/?page_id=6#primaryimage","url":"https:\/\/web-look.ch\/chorwoche-2015\/wp-content\/uploads\/2019\/12\/SiTr_19_01-scaled.jpg","contentUrl":"https:\/\/web-look.ch\/chorwoche-2015\/wp-content\/uploads\/2019\/12\/SiTr_19_01-scaled.jpg","width":2560,"height":1707},{"@type":"BreadcrumbList","@id":"https:\/\/web-look.ch\/chorwoche-2015\/?page_id=6#breadcrumb","itemListElement":[{"@type":"ListItem","position":1,"name":"Home","item":"https:\/\/web-look.ch\/chorwoche-2015\/"},{"@type":"ListItem","position":2,"name":"Singtreffen"}]},{"@type":"WebSite","@id":"https:\/\/web-look.ch\/chorwoche-2015\/#website","url":"https:\/\/web-look.ch\/chorwoche-2015\/","name":"Chorwoche","description":"","potentialAction":[{"@type":"SearchAction","target":{"@type":"EntryPoint","urlTemplate":"https:\/\/web-look.ch\/chorwoche-2015\/?s={search_term_string}"},"query-input":{"@type":"PropertyValueSpecification","valueRequired":true,"valueName":"search_term_string"}}],"inLanguage":"de"}]}},"_links":{"self":[{"href":"https:\/\/web-look.ch\/chorwoche-2015\/index.php?rest_route=\/wp\/v2\/pages\/6","targetHints":{"allow":["GET"]}}],"collection":[{"href":"https:\/\/web-look.ch\/chorwoche-2015\/index.php?rest_route=\/wp\/v2\/pages"}],"about":[{"href":"https:\/\/web-look.ch\/chorwoche-2015\/index.php?rest_route=\/wp\/v2\/types\/page"}],"author":[{"embeddable":true,"href":"https:\/\/web-look.ch\/chorwoche-2015\/index.php?rest_route=\/wp\/v2\/users\/1"}],"replies":[{"embeddable":true,"href":"https:\/\/web-look.ch\/chorwoche-2015\/index.php?rest_route=%2Fwp%2Fv2%2Fcomments&post=6"}],"version-history":[{"count":41,"href":"https:\/\/web-look.ch\/chorwoche-2015\/index.php?rest_route=\/wp\/v2\/pages\/6\/revisions"}],"predecessor-version":[{"id":629,"href":"https:\/\/web-look.ch\/chorwoche-2015\/index.php?rest_route=\/wp\/v2\/pages\/6\/revisions\/629"}],"wp:attachment":[{"href":"https:\/\/web-look.ch\/chorwoche-2015\/index.php?rest_route=%2Fwp%2Fv2%2Fmedia&parent=6"}],"curies":[{"name":"wp","href":"https:\/\/api.w.org\/{rel}","templated":true}]}}