{"id":2,"date":"2015-03-23T19:40:16","date_gmt":"2015-03-23T18:40:16","guid":{"rendered":"http:\/\/web-look.ch\/chorwoche-2015\/?page_id=2"},"modified":"2026-02-01T10:32:53","modified_gmt":"2026-02-01T09:32:53","slug":"beispiel-seite","status":"publish","type":"page","link":"https:\/\/web-look.ch\/chorwoche-2015\/?page_id=2","title":{"rendered":"Singwoche"},"content":{"rendered":"<p>Sie sind singbegeisterte Chors\u00e4nger:in oder m\u00f6chten ins Chorsingen einsteigen und Ihr Instrument &#8222;Stimme&#8220; durch t\u00e4gliches chorisches Singen und t\u00e4gliche, professionelle Stimmbildung pflegen und weiter aufbauen.<br \/>\nWir freuen uns auf Sie!<\/p>\n<p><strong>Jeder Singwochentag &#8211; ein geschenkter Tag<\/strong><\/p>\n<p><a href=\"http:\/\/web-look.ch\/chorwoche-2015\/wp-content\/uploads\/2019\/12\/SiWo_19-02-scaled.jpg\"><img loading=\"lazy\" decoding=\"async\" class=\"size-medium wp-image-311 alignright\" src=\"http:\/\/web-look.ch\/chorwoche-2015\/wp-content\/uploads\/2019\/12\/SiWo_19-02-300x200.jpg\" alt=\"\" width=\"300\" height=\"200\" srcset=\"https:\/\/web-look.ch\/chorwoche-2015\/wp-content\/uploads\/2019\/12\/SiWo_19-02-300x200.jpg 300w, https:\/\/web-look.ch\/chorwoche-2015\/wp-content\/uploads\/2019\/12\/SiWo_19-02-1024x683.jpg 1024w, https:\/\/web-look.ch\/chorwoche-2015\/wp-content\/uploads\/2019\/12\/SiWo_19-02-768x512.jpg 768w, https:\/\/web-look.ch\/chorwoche-2015\/wp-content\/uploads\/2019\/12\/SiWo_19-02-1536x1024.jpg 1536w, https:\/\/web-look.ch\/chorwoche-2015\/wp-content\/uploads\/2019\/12\/SiWo_19-02-2048x1365.jpg 2048w\" sizes=\"auto, (max-width: 300px) 100vw, 300px\" \/><\/a>Gest\u00e4rkt durch ein reihhaltiges Fr\u00fchst\u00fcck, sowie einer biblischen Betrachtungen zu ausgew\u00e4hlten Werken, die w\u00e4hrend der Singwoche erarbeitet werden, starten wir in den neuen Singtag. Anschliessend erleben wir zweieinhalb Stunden intensive Chorarbeit mit Stimmschulung.<\/p>\n<p>Nach der Mittagspause &#8211; die je nach Teilnahme an fakultativen Angeboten (Gruppen-Stimmbildung oder Blockfl\u00f6ten-Ensemble) zeitlich unterschiedlich ausf\u00e4llt &#8211;\u00a0 starten wir in den Nachmittagsprobenblock.<\/p>\n<p>Nach der Abendprobe beziehungsweise einem Themenabend und dem gemeinsamen Tagesschluss mit Abendsegen gibt&#8217;s Gelegenheit zum gem\u00fctlichen Beisammensein.<\/p>\n<p><strong>Abendmusik in der Schlosskirche<\/strong><\/p>\n<p><a href=\"http:\/\/web-look.ch\/chorwoche-2015\/wp-content\/uploads\/2019\/12\/SiWo_19_01-scaled.jpg\"><img loading=\"lazy\" decoding=\"async\" class=\"size-medium wp-image-313 alignright\" src=\"http:\/\/web-look.ch\/chorwoche-2015\/wp-content\/uploads\/2019\/12\/SiWo_19_01-300x200.jpg\" alt=\"\" width=\"300\" height=\"200\" srcset=\"https:\/\/web-look.ch\/chorwoche-2015\/wp-content\/uploads\/2019\/12\/SiWo_19_01-300x200.jpg 300w, https:\/\/web-look.ch\/chorwoche-2015\/wp-content\/uploads\/2019\/12\/SiWo_19_01-1024x683.jpg 1024w, https:\/\/web-look.ch\/chorwoche-2015\/wp-content\/uploads\/2019\/12\/SiWo_19_01-768x512.jpg 768w, https:\/\/web-look.ch\/chorwoche-2015\/wp-content\/uploads\/2019\/12\/SiWo_19_01-1536x1024.jpg 1536w, https:\/\/web-look.ch\/chorwoche-2015\/wp-content\/uploads\/2019\/12\/SiWo_19_01-2048x1365.jpg 2048w\" sizes=\"auto, (max-width: 300px) 100vw, 300px\" \/><\/a>Die Abendmusik am Donnerstagabend ist eine sch\u00f6ne Gelegenheit, Bekannte, Verwandte und Musikfreunde aus nah und fern einzuladen. Wir singen und musizieren, was w\u00e4hrend der Singwoche erarbeitet wurde, teilen mit den Zuh\u00f6renden die gemeinsam erlebte Freude und geben in der Abendmusik Einblick in die Singwochenarbeit.<\/p>\n<p><strong>Musikalisches Programm<br \/>\n<\/strong><\/p>\n<p><strong>Jacobus Arcadelt (1507\u20131568)<\/strong><br \/>\n\u00abAve Maria\u00bb<br \/>\n<strong>William Byrd (1543\u20131623)<\/strong><br \/>\n\u00abChriste qui lux es et dies\u00bb<br \/>\n<strong>Giovanni Gabrieli (1557-1612)<\/strong><br \/>\n\u00abJubilate Deo\u00bb<br \/>\n<strong>Heinrich Sch\u00fctz (1585\u20131672)<\/strong><br \/>\n\u00abAlso hat Gott die Welt geliebt\u00bb<br \/>\n\u00abLobe den Herren, meine Seele\u00bb<br \/>\n<strong>Johann Hermann Schein (1586\u20131630)<\/strong><br \/>\n\u00abWie lieblich sind deine Wohnungen\u00bb<br \/>\n<strong>Dietrich Buxtehude (1637\u20131707)<\/strong><br \/>\n\u00abNichts soll uns scheiden von der Liebe Gottes\u00bb<br \/>\n<strong>Johann Sebastian Bach (1685\u20131750)<\/strong><br \/>\n\u00abNun lob, mein Seel, den Herren\u00bb<\/p>\n<p><strong>Leitung<\/strong><\/p>\n<p>Silvia Matile-Eggenberger, Chorleiterin Kirchenmusik, Musikerin<br \/>\n<a href=\"http:\/\/web-look.ch\/chorwoche-2015\/wp-content\/uploads\/2023\/12\/CV-Silvia-Matile-Eggenberger.pdf\" target=\"_blank\" rel=\"noopener\">CV Silvia Matile-Eggenberger<\/a><br \/>\nMatthias Stefan, Chorleiter Kirchenmusik, Mentor Singstimme, S\u00e4nger<br \/>\n<a href=\"http:\/\/web-look.ch\/chorwoche-2015\/wp-content\/uploads\/2024\/07\/CV_Chorwoche-fuer-geistliche-Musik_2405202.pdf\">CV Matthias Stefan<\/a><br \/>\nTrudi Amstutz, Leiterin Blockfl\u00f6tengruppe<br \/>\n<a href=\"http:\/\/web-look.ch\/chorwoche-2015\/wp-content\/uploads\/2023\/05\/CV-Trudi-Amstutz.pdf\">CV Trudi Amstutz<\/a><\/p>\n<p><strong>Termine<\/strong><\/p>\n<p>Samstag, 3. Oktober 2026, 14.30 Uhr bis<br \/>\nFreitag, 9. Oktober 2026 (nach dem Mittagessen)<\/p>\n<p>Abendmusik: Donnerstag, 8. Oktober 2026, 20.00 Uhr<br \/>\nin der reformierten Schlosskirche Interlaken<\/p>\n<p><strong>Ort<\/strong><\/p>\n<p>Hotel Zentrum Artos, Interlaken<br \/>\nwww.artos-hotel.ch<\/p>\n<table width=\"323\">\n<tbody>\n<tr>\n<td width=\"258\">Einzelzimmer (D, WC, Balkon)<\/td>\n<td style=\"text-align: right;\" width=\"65\">1&#8217;014.-<\/td>\n<\/tr>\n<tr>\n<td>Doppelzimmer (D, WC, Balkon)<\/td>\n<td style=\"text-align: right;\">834.-<\/td>\n<\/tr>\n<tr>\n<td><\/td>\n<td style=\"text-align: right;\"><\/td>\n<\/tr>\n<tr>\n<td><\/td>\n<td style=\"text-align: right;\"><\/td>\n<\/tr>\n<tr>\n<td>Tagesgast (mit Mittag- und Abendessen)<\/td>\n<td style=\"text-align: right;\">390.-<\/td>\n<\/tr>\n<tr>\n<td><\/td>\n<td><\/td>\n<\/tr>\n<tr>\n<td>Kurskosten<\/td>\n<td style=\"text-align: right;\">240.-<\/td>\n<\/tr>\n<tr>\n<td>Kurskosten f\u00fcr Sch\u00fcler, Studenten, Lehrlinge<\/td>\n<td style=\"text-align: right;\">145.-<\/td>\n<\/tr>\n<tr>\n<td><\/td>\n<td><\/td>\n<\/tr>\n<tr>\n<td><span style=\"text-decoration: underline;\">Fakultative Kursangebote<\/span><\/td>\n<td><\/td>\n<\/tr>\n<tr>\n<td>Gruppenstimmbildung<\/td>\n<td style=\"text-align: right;\">30.-<\/td>\n<\/tr>\n<tr>\n<td>Blockfl\u00f6tenensemble<\/td>\n<td style=\"text-align: right;\">30.-<\/td>\n<\/tr>\n<\/tbody>\n<\/table>\n<p>Die Preise verstehen sich in Schweizer Franken und pro Person.<\/p>\n<p><strong>Anmeldung<\/strong><\/p>\n<p>Melden Sie sich bitte fr\u00fchzeitig an, die Platzzahl ist aus organisatorischen Gr\u00fcnden beschr\u00e4nkt.<br \/>\n<a href=\"http:\/\/web-look.ch\/chorwoche-2015\/?page_id=61\">Hier geht es gleich on-line zur Anmeldung<\/a>.<\/p>\n","protected":false},"excerpt":{"rendered":"<p>Sie sind singbegeisterte Chors\u00e4nger:in oder m\u00f6chten ins Chorsingen einsteigen und Ihr Instrument &#8222;Stimme&#8220; durch t\u00e4gliches chorisches Singen und t\u00e4gliche, professionelle Stimmbildung pflegen und weiter aufbauen. Wir freuen uns auf Sie! Jeder Singwochentag &#8211; ein geschenkter Tag Gest\u00e4rkt durch ein reihhaltiges<\/p>\n","protected":false},"author":1,"featured_media":0,"parent":0,"menu_order":0,"comment_status":"closed","ping_status":"closed","template":"","meta":{"footnotes":""},"class_list":["post-2","page","type-page","status-publish","hentry"],"yoast_head":"<!-- This site is optimized with the Yoast SEO plugin v27.5 - https:\/\/yoast.com\/product\/yoast-seo-wordpress\/ -->\n<title>Singwoche - Chorwoche<\/title>\n<meta name=\"description\" content=\"In unserer Singwoche erwartet Sie ein vielseitiges Spektrum kirchenmusikalischer Kompositionen. Die Singwoche f\u00fcr chorbegeisterte S\u00e4ngerinnen, S\u00e4nger oder Chroleiter.\" \/>\n<meta name=\"robots\" content=\"index, follow, max-snippet:-1, max-image-preview:large, max-video-preview:-1\" \/>\n<link rel=\"canonical\" href=\"https:\/\/web-look.ch\/chorwoche-2015\/?page_id=2\" \/>\n<meta property=\"og:locale\" content=\"de_DE\" \/>\n<meta property=\"og:type\" content=\"article\" \/>\n<meta property=\"og:title\" content=\"Singwoche - Chorwoche\" \/>\n<meta property=\"og:description\" content=\"In unserer Singwoche erwartet Sie ein vielseitiges Spektrum kirchenmusikalischer Kompositionen. Die Singwoche f\u00fcr chorbegeisterte S\u00e4ngerinnen, S\u00e4nger oder Chroleiter.\" \/>\n<meta property=\"og:url\" content=\"https:\/\/web-look.ch\/chorwoche-2015\/?page_id=2\" \/>\n<meta property=\"og:site_name\" content=\"Chorwoche\" \/>\n<meta property=\"article:modified_time\" content=\"2026-02-01T09:32:53+00:00\" \/>\n<meta property=\"og:image\" content=\"https:\/\/web-look.ch\/chorwoche-2015\/wp-content\/uploads\/2019\/12\/SiWo_19-02-scaled.jpg\" \/>\n\t<meta property=\"og:image:width\" content=\"2560\" \/>\n\t<meta property=\"og:image:height\" content=\"1707\" \/>\n\t<meta property=\"og:image:type\" content=\"image\/jpeg\" \/>\n<meta name=\"twitter:card\" content=\"summary_large_image\" \/>\n<meta name=\"twitter:label1\" content=\"Gesch\u00e4tzte Lesezeit\" \/>\n\t<meta name=\"twitter:data1\" content=\"3\u00a0Minuten\" \/>\n<script type=\"application\/ld+json\" class=\"yoast-schema-graph\">{\"@context\":\"https:\\\/\\\/schema.org\",\"@graph\":[{\"@type\":\"WebPage\",\"@id\":\"https:\\\/\\\/web-look.ch\\\/chorwoche-2015\\\/?page_id=2\",\"url\":\"https:\\\/\\\/web-look.ch\\\/chorwoche-2015\\\/?page_id=2\",\"name\":\"Singwoche - Chorwoche\",\"isPartOf\":{\"@id\":\"https:\\\/\\\/web-look.ch\\\/chorwoche-2015\\\/#website\"},\"primaryImageOfPage\":{\"@id\":\"https:\\\/\\\/web-look.ch\\\/chorwoche-2015\\\/?page_id=2#primaryimage\"},\"image\":{\"@id\":\"https:\\\/\\\/web-look.ch\\\/chorwoche-2015\\\/?page_id=2#primaryimage\"},\"thumbnailUrl\":\"http:\\\/\\\/web-look.ch\\\/chorwoche-2015\\\/wp-content\\\/uploads\\\/2019\\\/12\\\/SiWo_19-02-300x200.jpg\",\"datePublished\":\"2015-03-23T18:40:16+00:00\",\"dateModified\":\"2026-02-01T09:32:53+00:00\",\"description\":\"In unserer Singwoche erwartet Sie ein vielseitiges Spektrum kirchenmusikalischer Kompositionen. Die Singwoche f\u00fcr chorbegeisterte S\u00e4ngerinnen, S\u00e4nger oder Chroleiter.\",\"breadcrumb\":{\"@id\":\"https:\\\/\\\/web-look.ch\\\/chorwoche-2015\\\/?page_id=2#breadcrumb\"},\"inLanguage\":\"de\",\"potentialAction\":[{\"@type\":\"ReadAction\",\"target\":[\"https:\\\/\\\/web-look.ch\\\/chorwoche-2015\\\/?page_id=2\"]}]},{\"@type\":\"ImageObject\",\"inLanguage\":\"de\",\"@id\":\"https:\\\/\\\/web-look.ch\\\/chorwoche-2015\\\/?page_id=2#primaryimage\",\"url\":\"https:\\\/\\\/web-look.ch\\\/chorwoche-2015\\\/wp-content\\\/uploads\\\/2019\\\/12\\\/SiWo_19-02-scaled.jpg\",\"contentUrl\":\"https:\\\/\\\/web-look.ch\\\/chorwoche-2015\\\/wp-content\\\/uploads\\\/2019\\\/12\\\/SiWo_19-02-scaled.jpg\",\"width\":2560,\"height\":1707},{\"@type\":\"BreadcrumbList\",\"@id\":\"https:\\\/\\\/web-look.ch\\\/chorwoche-2015\\\/?page_id=2#breadcrumb\",\"itemListElement\":[{\"@type\":\"ListItem\",\"position\":1,\"name\":\"Home\",\"item\":\"https:\\\/\\\/web-look.ch\\\/chorwoche-2015\\\/\"},{\"@type\":\"ListItem\",\"position\":2,\"name\":\"Singwoche\"}]},{\"@type\":\"WebSite\",\"@id\":\"https:\\\/\\\/web-look.ch\\\/chorwoche-2015\\\/#website\",\"url\":\"https:\\\/\\\/web-look.ch\\\/chorwoche-2015\\\/\",\"name\":\"Chorwoche\",\"description\":\"\",\"potentialAction\":[{\"@type\":\"SearchAction\",\"target\":{\"@type\":\"EntryPoint\",\"urlTemplate\":\"https:\\\/\\\/web-look.ch\\\/chorwoche-2015\\\/?s={search_term_string}\"},\"query-input\":{\"@type\":\"PropertyValueSpecification\",\"valueRequired\":true,\"valueName\":\"search_term_string\"}}],\"inLanguage\":\"de\"}]}<\/script>\n<!-- \/ Yoast SEO plugin. -->","yoast_head_json":{"title":"Singwoche - Chorwoche","description":"In unserer Singwoche erwartet Sie ein vielseitiges Spektrum kirchenmusikalischer Kompositionen. Die Singwoche f\u00fcr chorbegeisterte S\u00e4ngerinnen, S\u00e4nger oder Chroleiter.","robots":{"index":"index","follow":"follow","max-snippet":"max-snippet:-1","max-image-preview":"max-image-preview:large","max-video-preview":"max-video-preview:-1"},"canonical":"https:\/\/web-look.ch\/chorwoche-2015\/?page_id=2","og_locale":"de_DE","og_type":"article","og_title":"Singwoche - Chorwoche","og_description":"In unserer Singwoche erwartet Sie ein vielseitiges Spektrum kirchenmusikalischer Kompositionen. Die Singwoche f\u00fcr chorbegeisterte S\u00e4ngerinnen, S\u00e4nger oder Chroleiter.","og_url":"https:\/\/web-look.ch\/chorwoche-2015\/?page_id=2","og_site_name":"Chorwoche","article_modified_time":"2026-02-01T09:32:53+00:00","og_image":[{"width":2560,"height":1707,"url":"https:\/\/web-look.ch\/chorwoche-2015\/wp-content\/uploads\/2019\/12\/SiWo_19-02-scaled.jpg","type":"image\/jpeg"}],"twitter_card":"summary_large_image","twitter_misc":{"Gesch\u00e4tzte Lesezeit":"3\u00a0Minuten"},"schema":{"@context":"https:\/\/schema.org","@graph":[{"@type":"WebPage","@id":"https:\/\/web-look.ch\/chorwoche-2015\/?page_id=2","url":"https:\/\/web-look.ch\/chorwoche-2015\/?page_id=2","name":"Singwoche - Chorwoche","isPartOf":{"@id":"https:\/\/web-look.ch\/chorwoche-2015\/#website"},"primaryImageOfPage":{"@id":"https:\/\/web-look.ch\/chorwoche-2015\/?page_id=2#primaryimage"},"image":{"@id":"https:\/\/web-look.ch\/chorwoche-2015\/?page_id=2#primaryimage"},"thumbnailUrl":"http:\/\/web-look.ch\/chorwoche-2015\/wp-content\/uploads\/2019\/12\/SiWo_19-02-300x200.jpg","datePublished":"2015-03-23T18:40:16+00:00","dateModified":"2026-02-01T09:32:53+00:00","description":"In unserer Singwoche erwartet Sie ein vielseitiges Spektrum kirchenmusikalischer Kompositionen. Die Singwoche f\u00fcr chorbegeisterte S\u00e4ngerinnen, S\u00e4nger oder Chroleiter.","breadcrumb":{"@id":"https:\/\/web-look.ch\/chorwoche-2015\/?page_id=2#breadcrumb"},"inLanguage":"de","potentialAction":[{"@type":"ReadAction","target":["https:\/\/web-look.ch\/chorwoche-2015\/?page_id=2"]}]},{"@type":"ImageObject","inLanguage":"de","@id":"https:\/\/web-look.ch\/chorwoche-2015\/?page_id=2#primaryimage","url":"https:\/\/web-look.ch\/chorwoche-2015\/wp-content\/uploads\/2019\/12\/SiWo_19-02-scaled.jpg","contentUrl":"https:\/\/web-look.ch\/chorwoche-2015\/wp-content\/uploads\/2019\/12\/SiWo_19-02-scaled.jpg","width":2560,"height":1707},{"@type":"BreadcrumbList","@id":"https:\/\/web-look.ch\/chorwoche-2015\/?page_id=2#breadcrumb","itemListElement":[{"@type":"ListItem","position":1,"name":"Home","item":"https:\/\/web-look.ch\/chorwoche-2015\/"},{"@type":"ListItem","position":2,"name":"Singwoche"}]},{"@type":"WebSite","@id":"https:\/\/web-look.ch\/chorwoche-2015\/#website","url":"https:\/\/web-look.ch\/chorwoche-2015\/","name":"Chorwoche","description":"","potentialAction":[{"@type":"SearchAction","target":{"@type":"EntryPoint","urlTemplate":"https:\/\/web-look.ch\/chorwoche-2015\/?s={search_term_string}"},"query-input":{"@type":"PropertyValueSpecification","valueRequired":true,"valueName":"search_term_string"}}],"inLanguage":"de"}]}},"_links":{"self":[{"href":"https:\/\/web-look.ch\/chorwoche-2015\/index.php?rest_route=\/wp\/v2\/pages\/2","targetHints":{"allow":["GET"]}}],"collection":[{"href":"https:\/\/web-look.ch\/chorwoche-2015\/index.php?rest_route=\/wp\/v2\/pages"}],"about":[{"href":"https:\/\/web-look.ch\/chorwoche-2015\/index.php?rest_route=\/wp\/v2\/types\/page"}],"author":[{"embeddable":true,"href":"https:\/\/web-look.ch\/chorwoche-2015\/index.php?rest_route=\/wp\/v2\/users\/1"}],"replies":[{"embeddable":true,"href":"https:\/\/web-look.ch\/chorwoche-2015\/index.php?rest_route=%2Fwp%2Fv2%2Fcomments&post=2"}],"version-history":[{"count":55,"href":"https:\/\/web-look.ch\/chorwoche-2015\/index.php?rest_route=\/wp\/v2\/pages\/2\/revisions"}],"predecessor-version":[{"id":623,"href":"https:\/\/web-look.ch\/chorwoche-2015\/index.php?rest_route=\/wp\/v2\/pages\/2\/revisions\/623"}],"wp:attachment":[{"href":"https:\/\/web-look.ch\/chorwoche-2015\/index.php?rest_route=%2Fwp%2Fv2%2Fmedia&parent=2"}],"curies":[{"name":"wp","href":"https:\/\/api.w.org\/{rel}","templated":true}]}}