{"id":17,"date":"2015-05-18T21:37:48","date_gmt":"2015-05-18T19:37:48","guid":{"rendered":"http:\/\/web-look.ch\/chorwoche-2015\/?page_id=17"},"modified":"2026-03-22T17:01:18","modified_gmt":"2026-03-22T16:01:18","slug":"verein-singwoche-fuer-geistliche-musik","status":"publish","type":"page","link":"https:\/\/web-look.ch\/chorwoche-2015\/","title":{"rendered":"Verein Singwoche f\u00fcr geistliche Musik"},"content":{"rendered":"<p>Ein Ort f\u00fcr singbegeisterte S\u00e4ngerinnen und S\u00e4nger, die gerne ein breites Repertoire von geistlicher Chorliteratur erarbeiten und ihr Instrument &#8222;Stimme&#8220; weiter pflegen und ausbilden m\u00f6chten.<\/p>\n<p><strong>Unsere Projekte<\/strong><\/p>\n<p><span style=\"text-decoration: underline;\">Singwoche f\u00fcr geistliche Musik 2026<\/span>\u00a0 \u00a0 \u00a0 \u00a0 \u00a0 \u00a0 \u00a0 \u00a0 <strong>DAS HOTEL ARTOS IST AUSGEBUCHT!<\/strong>\u00a0 \u00a0 \u00a0 \u00a0 \u00a0 \u00a0 \u00a0 \u00a0 \u00a0 \u00a0 \u00a0 \u00a0 \u00a0 \u00a0 \u00a0<\/p>\n<p>Samstag, 3. Oktober bis Freitag, 9. Oktober 2026\u00a0 \u00a0 \u00a0 \u00a0 \u00a0 \u00a0\u00a0<br \/><a href=\"http:\/\/web-look.ch\/chorwoche-2015\/?page_id=2&lt;\">-&gt;weitere Informationen und Anmeldung<\/a><\/p>\n<p><span style=\"text-decoration: underline;\">Singtreffen f\u00fcr geistliche Musik 2027<\/span><\/p>\n<p>Samstag, 30. bis Sonntag, 31. Januar 2027<br \/><a href=\"https:\/\/web-look.ch\/chorwoche-2015\/?page_id=6\">-&gt; weitere Informationen und Anmeldung<\/a><\/p>\n\n\n<p><a href=\"http:\/\/web-look.ch\/chorwoche-2015\/wp-content\/uploads\/2026\/02\/Flyer_Singwoche-2026.pdf\" target=\"_blank\" rel=\"noreferrer noopener\">Unseren aktuellen Flyer als PDF downloaden<\/a><\/p>\n\n\n\n<p><\/p>\n","protected":false},"excerpt":{"rendered":"<p>Ein Ort f\u00fcr singbegeisterte S\u00e4ngerinnen und S\u00e4nger, die gerne ein breites Repertoire von geistlicher Chorliteratur erarbeiten und ihr Instrument &#8222;Stimme&#8220; weiter pflegen und ausbilden m\u00f6chten. Unsere Projekte Singwoche f\u00fcr geistliche Musik 2026\u00a0 \u00a0 \u00a0 \u00a0 \u00a0 \u00a0 \u00a0 \u00a0 DAS<\/p>\n","protected":false},"author":1,"featured_media":0,"parent":0,"menu_order":0,"comment_status":"closed","ping_status":"closed","template":"","meta":{"footnotes":""},"class_list":["post-17","page","type-page","status-publish","hentry"],"yoast_head":"<!-- This site is optimized with the Yoast SEO plugin v27.5 - https:\/\/yoast.com\/product\/yoast-seo-wordpress\/ -->\n<title>Verein Singwoche f\u00fcr geistliche Musik - Chorwoche<\/title>\n<meta name=\"description\" content=\"Die Singwoche bietet singbegeisterten S\u00e4ngerinnen und S\u00e4nger die M\u00f6glichkeit, in ein breites Spektrum kirchmusikalischer Kompositionen einzutauchen.\" \/>\n<meta name=\"robots\" content=\"index, follow, max-snippet:-1, max-image-preview:large, max-video-preview:-1\" \/>\n<link rel=\"canonical\" href=\"https:\/\/web-look.ch\/chorwoche-2015\/\" \/>\n<meta property=\"og:locale\" content=\"de_DE\" \/>\n<meta property=\"og:type\" content=\"article\" \/>\n<meta property=\"og:title\" content=\"Verein Singwoche f\u00fcr geistliche Musik - Chorwoche\" \/>\n<meta property=\"og:description\" content=\"Die Singwoche bietet singbegeisterten S\u00e4ngerinnen und S\u00e4nger die M\u00f6glichkeit, in ein breites Spektrum kirchmusikalischer Kompositionen einzutauchen.\" \/>\n<meta property=\"og:url\" content=\"https:\/\/web-look.ch\/chorwoche-2015\/\" \/>\n<meta property=\"og:site_name\" content=\"Chorwoche\" \/>\n<meta property=\"article:modified_time\" content=\"2026-03-22T16:01:18+00:00\" \/>\n<meta name=\"twitter:card\" content=\"summary_large_image\" \/>\n<meta name=\"twitter:label1\" content=\"Gesch\u00e4tzte Lesezeit\" \/>\n\t<meta name=\"twitter:data1\" content=\"1\u00a0Minute\" \/>\n<script type=\"application\/ld+json\" class=\"yoast-schema-graph\">{\"@context\":\"https:\\\/\\\/schema.org\",\"@graph\":[{\"@type\":\"WebPage\",\"@id\":\"https:\\\/\\\/web-look.ch\\\/chorwoche-2015\\\/\",\"url\":\"https:\\\/\\\/web-look.ch\\\/chorwoche-2015\\\/\",\"name\":\"Verein Singwoche f\u00fcr geistliche Musik - Chorwoche\",\"isPartOf\":{\"@id\":\"https:\\\/\\\/web-look.ch\\\/chorwoche-2015\\\/#website\"},\"datePublished\":\"2015-05-18T19:37:48+00:00\",\"dateModified\":\"2026-03-22T16:01:18+00:00\",\"description\":\"Die Singwoche bietet singbegeisterten S\u00e4ngerinnen und S\u00e4nger die M\u00f6glichkeit, in ein breites Spektrum kirchmusikalischer Kompositionen einzutauchen.\",\"breadcrumb\":{\"@id\":\"https:\\\/\\\/web-look.ch\\\/chorwoche-2015\\\/#breadcrumb\"},\"inLanguage\":\"de\",\"potentialAction\":[{\"@type\":\"ReadAction\",\"target\":[\"https:\\\/\\\/web-look.ch\\\/chorwoche-2015\\\/\"]}]},{\"@type\":\"BreadcrumbList\",\"@id\":\"https:\\\/\\\/web-look.ch\\\/chorwoche-2015\\\/#breadcrumb\",\"itemListElement\":[{\"@type\":\"ListItem\",\"position\":1,\"name\":\"Home\",\"item\":\"https:\\\/\\\/web-look.ch\\\/chorwoche-2015\\\/\"},{\"@type\":\"ListItem\",\"position\":2,\"name\":\"Verein Singwoche f\u00fcr geistliche Musik\"}]},{\"@type\":\"WebSite\",\"@id\":\"https:\\\/\\\/web-look.ch\\\/chorwoche-2015\\\/#website\",\"url\":\"https:\\\/\\\/web-look.ch\\\/chorwoche-2015\\\/\",\"name\":\"Chorwoche\",\"description\":\"\",\"potentialAction\":[{\"@type\":\"SearchAction\",\"target\":{\"@type\":\"EntryPoint\",\"urlTemplate\":\"https:\\\/\\\/web-look.ch\\\/chorwoche-2015\\\/?s={search_term_string}\"},\"query-input\":{\"@type\":\"PropertyValueSpecification\",\"valueRequired\":true,\"valueName\":\"search_term_string\"}}],\"inLanguage\":\"de\"}]}<\/script>\n<!-- \/ Yoast SEO plugin. -->","yoast_head_json":{"title":"Verein Singwoche f\u00fcr geistliche Musik - Chorwoche","description":"Die Singwoche bietet singbegeisterten S\u00e4ngerinnen und S\u00e4nger die M\u00f6glichkeit, in ein breites Spektrum kirchmusikalischer Kompositionen einzutauchen.","robots":{"index":"index","follow":"follow","max-snippet":"max-snippet:-1","max-image-preview":"max-image-preview:large","max-video-preview":"max-video-preview:-1"},"canonical":"https:\/\/web-look.ch\/chorwoche-2015\/","og_locale":"de_DE","og_type":"article","og_title":"Verein Singwoche f\u00fcr geistliche Musik - Chorwoche","og_description":"Die Singwoche bietet singbegeisterten S\u00e4ngerinnen und S\u00e4nger die M\u00f6glichkeit, in ein breites Spektrum kirchmusikalischer Kompositionen einzutauchen.","og_url":"https:\/\/web-look.ch\/chorwoche-2015\/","og_site_name":"Chorwoche","article_modified_time":"2026-03-22T16:01:18+00:00","twitter_card":"summary_large_image","twitter_misc":{"Gesch\u00e4tzte Lesezeit":"1\u00a0Minute"},"schema":{"@context":"https:\/\/schema.org","@graph":[{"@type":"WebPage","@id":"https:\/\/web-look.ch\/chorwoche-2015\/","url":"https:\/\/web-look.ch\/chorwoche-2015\/","name":"Verein Singwoche f\u00fcr geistliche Musik - Chorwoche","isPartOf":{"@id":"https:\/\/web-look.ch\/chorwoche-2015\/#website"},"datePublished":"2015-05-18T19:37:48+00:00","dateModified":"2026-03-22T16:01:18+00:00","description":"Die Singwoche bietet singbegeisterten S\u00e4ngerinnen und S\u00e4nger die M\u00f6glichkeit, in ein breites Spektrum kirchmusikalischer Kompositionen einzutauchen.","breadcrumb":{"@id":"https:\/\/web-look.ch\/chorwoche-2015\/#breadcrumb"},"inLanguage":"de","potentialAction":[{"@type":"ReadAction","target":["https:\/\/web-look.ch\/chorwoche-2015\/"]}]},{"@type":"BreadcrumbList","@id":"https:\/\/web-look.ch\/chorwoche-2015\/#breadcrumb","itemListElement":[{"@type":"ListItem","position":1,"name":"Home","item":"https:\/\/web-look.ch\/chorwoche-2015\/"},{"@type":"ListItem","position":2,"name":"Verein Singwoche f\u00fcr geistliche Musik"}]},{"@type":"WebSite","@id":"https:\/\/web-look.ch\/chorwoche-2015\/#website","url":"https:\/\/web-look.ch\/chorwoche-2015\/","name":"Chorwoche","description":"","potentialAction":[{"@type":"SearchAction","target":{"@type":"EntryPoint","urlTemplate":"https:\/\/web-look.ch\/chorwoche-2015\/?s={search_term_string}"},"query-input":{"@type":"PropertyValueSpecification","valueRequired":true,"valueName":"search_term_string"}}],"inLanguage":"de"}]}},"_links":{"self":[{"href":"https:\/\/web-look.ch\/chorwoche-2015\/index.php?rest_route=\/wp\/v2\/pages\/17","targetHints":{"allow":["GET"]}}],"collection":[{"href":"https:\/\/web-look.ch\/chorwoche-2015\/index.php?rest_route=\/wp\/v2\/pages"}],"about":[{"href":"https:\/\/web-look.ch\/chorwoche-2015\/index.php?rest_route=\/wp\/v2\/types\/page"}],"author":[{"embeddable":true,"href":"https:\/\/web-look.ch\/chorwoche-2015\/index.php?rest_route=\/wp\/v2\/users\/1"}],"replies":[{"embeddable":true,"href":"https:\/\/web-look.ch\/chorwoche-2015\/index.php?rest_route=%2Fwp%2Fv2%2Fcomments&post=17"}],"version-history":[{"count":53,"href":"https:\/\/web-look.ch\/chorwoche-2015\/index.php?rest_route=\/wp\/v2\/pages\/17\/revisions"}],"predecessor-version":[{"id":633,"href":"https:\/\/web-look.ch\/chorwoche-2015\/index.php?rest_route=\/wp\/v2\/pages\/17\/revisions\/633"}],"wp:attachment":[{"href":"https:\/\/web-look.ch\/chorwoche-2015\/index.php?rest_route=%2Fwp%2Fv2%2Fmedia&parent=17"}],"curies":[{"name":"wp","href":"https:\/\/api.w.org\/{rel}","templated":true}]}}