{"id":12,"date":"2015-05-18T17:41:45","date_gmt":"2015-05-18T15:41:45","guid":{"rendered":"http:\/\/web-look.ch\/chorwoche-2015\/?page_id=12"},"modified":"2024-07-04T19:20:32","modified_gmt":"2024-07-04T17:20:32","slug":"verein","status":"publish","type":"page","link":"https:\/\/web-look.ch\/chorwoche-2015\/?page_id=12","title":{"rendered":"\u00dcber uns"},"content":{"rendered":"<p>Der Verein Singwoche f\u00fcr geistliche Musik hat eine lange Tradition. Der Vorstand sowie die musikalische Leitung pr\u00e4gen die Singwoche.<\/p>\n<p><strong>Vorstand<\/strong><\/p>\n<p><a href=\"http:\/\/web-look.ch\/chorwoche-2015\/wp-content\/uploads\/2023\/11\/DSC_5719-scaled.jpg\"><img loading=\"lazy\" decoding=\"async\" class=\"alignleft wp-image-515 \" src=\"http:\/\/web-look.ch\/chorwoche-2015\/wp-content\/uploads\/2023\/11\/DSC_5719-300x199.jpg\" alt=\"\" width=\"323\" height=\"214\" srcset=\"https:\/\/web-look.ch\/chorwoche-2015\/wp-content\/uploads\/2023\/11\/DSC_5719-300x199.jpg 300w, https:\/\/web-look.ch\/chorwoche-2015\/wp-content\/uploads\/2023\/11\/DSC_5719-1024x680.jpg 1024w, https:\/\/web-look.ch\/chorwoche-2015\/wp-content\/uploads\/2023\/11\/DSC_5719-768x510.jpg 768w, https:\/\/web-look.ch\/chorwoche-2015\/wp-content\/uploads\/2023\/11\/DSC_5719-1536x1020.jpg 1536w, https:\/\/web-look.ch\/chorwoche-2015\/wp-content\/uploads\/2023\/11\/DSC_5719-2048x1360.jpg 2048w\" sizes=\"auto, (max-width: 323px) 100vw, 323px\" \/><\/a>Heidi Lori, Pr\u00e4sidentin\u00a0 <br \/>Sonja Frey, Vizepr\u00e4sidentin<br \/>Margreth Burri<br \/>Eva Eggenberger<br \/>Christoph Suter<\/p>\n<p>\u00a0<\/p>\n<p>\u00a0<\/p>\n<p style=\"text-align: left;\"><strong><br \/><br \/>Musikalische Leitung<\/strong><\/p>\n<p style=\"text-align: left;\">Silvia Matile-Eggenberger, Chorleiterin Kirchenmusik, Musikerin<br \/><a href=\"http:\/\/web-look.ch\/chorwoche-2015\/wp-content\/uploads\/2023\/12\/CV-Silvia-Matile-Eggenberger.pdf\" target=\"_blank\" rel=\"noopener\">CV Silvia Matile-Eggenberger<\/a>\u00a0 \u00a0 \u00a0 \u00a0 \u00a0<br \/>Matthias Stefan, Chorleiter Kirchenmusik, Mentor Singstimme, S\u00e4nger<br \/><a href=\"http:\/\/web-look.ch\/chorwoche-2015\/wp-content\/uploads\/2024\/07\/CV_Chorwoche-fuer-geistliche-Musik_2405202.pdf\">CV Matthias Stefan<\/a><br \/>Trudi Amstutz, Leiterin Blockfl\u00f6tengruppe<br \/><a href=\"http:\/\/web-look.ch\/chorwoche-2015\/wp-content\/uploads\/2023\/05\/CV-Trudi-Amstutz.pdf\" target=\"_blank\" rel=\"noopener\">CV Trudi Amstutz<\/a><\/p>\n<p><a href=\"http:\/\/web-look.ch\/chorwoche-2015\/wp-content\/uploads\/2023\/11\/DSC_5713-scaled.jpg\"><img loading=\"lazy\" decoding=\"async\" class=\"alignleft wp-image-516 \" src=\"http:\/\/web-look.ch\/chorwoche-2015\/wp-content\/uploads\/2023\/11\/DSC_5713-300x199.jpg\" alt=\"\" width=\"320\" height=\"212\" srcset=\"https:\/\/web-look.ch\/chorwoche-2015\/wp-content\/uploads\/2023\/11\/DSC_5713-300x199.jpg 300w, https:\/\/web-look.ch\/chorwoche-2015\/wp-content\/uploads\/2023\/11\/DSC_5713-1024x680.jpg 1024w, https:\/\/web-look.ch\/chorwoche-2015\/wp-content\/uploads\/2023\/11\/DSC_5713-768x510.jpg 768w, https:\/\/web-look.ch\/chorwoche-2015\/wp-content\/uploads\/2023\/11\/DSC_5713-1536x1020.jpg 1536w, https:\/\/web-look.ch\/chorwoche-2015\/wp-content\/uploads\/2023\/11\/DSC_5713-2048x1360.jpg 2048w\" sizes=\"auto, (max-width: 320px) 100vw, 320px\" \/><\/a><\/p>\n<p>\u00a0<\/p>\n<p>\u00a0<\/p>\n<p>\u00a0<\/p>\n<p>\u00a0<\/p>\n<p>\u00a0<\/p>\n<p style=\"text-align: left;\"><strong><br \/><br \/>Geschichte<\/strong><\/p>\n<p>Als Gr\u00fcnderv\u00e4ter der urspr\u00fcnglichen &#8222;H\u00fcniger&#8220;-Singwoche gelten Otto Froidevaux, Schulmeister und Chorleiter aus Mirchel bei Z\u00e4ziwil und Paul Moser, Organist und Kirchenchorleiter aus M\u00fcnsingen. Viele Jahre lang pr\u00e4gte Otto Froidevaux zusammen mit Pfarrer Daniel Sch\u00e4r die inhaltliche Ausrichtung der Singwoche: Das Lob Gottes durch geistliche Musik. Es wurden hier Werke der grossen Meister des Barocks musiziert (Heinrich Sch\u00fctz, Johann Sebastian Bach, Georg Friedrich H\u00e4ndel), dazu stets auch klassische, romantische und zeitgen\u00f6ssische Kompositionen (u.a. Wolfgang Amadeus Mozart, Joseph Haydn, Felix Mendelssohn, Anton Bruckner, Gabriel Faur\u00e9, aber auch Willy Burkhard, Ernst Pepping, Hans Studer, Adolf Brunner und Francis Poulenc). Das Einstudieren und Auff\u00fchren von Eigenkompositionen des einen heutigen Chorleiters Rolf Suter erm\u00f6glichte gar den direkten und bereichernden Einblick in die Werkstatt eines Komponisten.<\/p>\n<p>Die Vielfalt der erarbeiteten Werke ist beeindruckend gross. F\u00fcr Chorleiter gleicht die Teilnahme an der Singwoche einer Schatzsuche, bei der bestimmt echte Perlen zu finden sind!<\/p>\n<p><strong>Der Name &#8222;H\u00fcniger&#8220; Singwoche<\/strong><\/p>\n<p>Die &#8222;H\u00fcniger&#8220;-Singwoche ist in den Dreissigerjahren des letzten Jahrhunderts aus der Zusammenarbeit mit dem &#8222;Schloss H\u00fcnigen&#8220;, Konolfingen BE, entstanden. Dass sie heute nicht mehr dort durchgef\u00fchrt wird, h\u00e4ngt mit der Entwicklung des Schlosses zum 4-Stern-Seminarhotel zusammen. <br \/>Die \u00dcbernahme der Tr\u00e4gerschaft durch die Leitung des Evangelischen Gemeinschaftswerk (EGW) setzt letzteres ein erfreuliches Zeichen.<\/p>\n<p><strong>Vom Schloss H\u00fcnigen nach Interlaken<\/strong><\/p>\n<p>Im Herbst 2003 trafen sich die singfreudigen Teilnehmer:innen im Parkhotel Oberhofen zur Singwoche. Seit 2004 findet die Singwoche im Herbst jeweils inder Woche 41 im Zentrum &#8222;Artos&#8220; in Interlaken statt.<\/p>\n<p><strong>Namenswechsel\u00a0<\/strong><\/p>\n<p>Mit dem Ortswechsel wechselte auch die Bezeichnung der Angebote zu &#8222;Singwoche f\u00fcr geistliche Musik&#8220; bzw. &#8222;Singtreffen f\u00fcr geistliche Musik&#8220;.\u00a0<br \/>Der neue Name &#8222;Singwoche f\u00fcr geistliche Musik&#8220; als Markenzeichnen unserer Arbeit wurde dann an der Mitgliederversammlung des Vereis 2012 rechtsg\u00fcltig in den Vereinsstatuten verankert. Seither wird der neue Name konsequent verwendet und findet durchwegs wohlwollende Zustimmung.\u00a0<\/p>\n<p><strong>Mitgliedschaft<\/strong><\/p>\n<p>Wir freuen uns \u00fcber Ihre Vereins-Mitgliedschaft und laden Sie dazu herzlich ein. <a href=\"http:\/\/web-look.ch\/chorwoche-2015\/?page_id=76\">Hier k\u00f6nnen Sie sich gleich anmelden<\/a>.<\/p>\n<p>Es ist uns wichtig, Sie darauf hinzuweisen, dass eine Teilnahme an der Singwoche bzw. dem Singtreffen nicht von einer Mitgliedschaft im <em>Verein Singwoche f\u00fcr geistliche Musik<\/em> abh\u00e4ngig ist.<\/p>\n\n\n<p><\/p>\n","protected":false},"excerpt":{"rendered":"<p>Der Verein Singwoche f\u00fcr geistliche Musik hat eine lange Tradition. Der Vorstand sowie die musikalische Leitung pr\u00e4gen die Singwoche. Vorstand Heidi Lori, Pr\u00e4sidentin\u00a0 Sonja Frey, Vizepr\u00e4sidentinMargreth BurriEva EggenbergerChristoph Suter \u00a0 \u00a0 Musikalische Leitung Silvia Matile-Eggenberger, Chorleiterin Kirchenmusik, MusikerinCV Silvia Matile-Eggenberger\u00a0<\/p>\n","protected":false},"author":1,"featured_media":0,"parent":0,"menu_order":0,"comment_status":"closed","ping_status":"closed","template":"","meta":{"footnotes":""},"class_list":["post-12","page","type-page","status-publish","hentry"],"yoast_head":"<!-- This site is optimized with the Yoast SEO plugin v27.4 - https:\/\/yoast.com\/product\/yoast-seo-wordpress\/ -->\n<title>\u00dcber uns - Chorwoche<\/title>\n<meta name=\"description\" content=\"Verein und Vorstand stellen sich vor: Verein Singwoche f\u00fcr geistliche Musik.\" \/>\n<meta name=\"robots\" content=\"index, follow, max-snippet:-1, max-image-preview:large, max-video-preview:-1\" \/>\n<link rel=\"canonical\" href=\"https:\/\/web-look.ch\/chorwoche-2015\/?page_id=12\" \/>\n<meta property=\"og:locale\" content=\"de_DE\" \/>\n<meta property=\"og:type\" content=\"article\" \/>\n<meta property=\"og:title\" content=\"\u00dcber uns - Chorwoche\" \/>\n<meta property=\"og:description\" content=\"Verein und Vorstand stellen sich vor: Verein Singwoche f\u00fcr geistliche Musik.\" \/>\n<meta property=\"og:url\" content=\"https:\/\/web-look.ch\/chorwoche-2015\/?page_id=12\" \/>\n<meta property=\"og:site_name\" content=\"Chorwoche\" \/>\n<meta property=\"article:modified_time\" content=\"2024-07-04T17:20:32+00:00\" \/>\n<meta property=\"og:image\" content=\"http:\/\/web-look.ch\/chorwoche-2015\/wp-content\/uploads\/2023\/11\/DSC_5719-300x199.jpg\" \/>\n<meta name=\"twitter:card\" content=\"summary_large_image\" \/>\n<meta name=\"twitter:label1\" content=\"Gesch\u00e4tzte Lesezeit\" \/>\n\t<meta name=\"twitter:data1\" content=\"3\u00a0Minuten\" \/>\n<script type=\"application\/ld+json\" class=\"yoast-schema-graph\">{\"@context\":\"https:\\\/\\\/schema.org\",\"@graph\":[{\"@type\":\"WebPage\",\"@id\":\"https:\\\/\\\/web-look.ch\\\/chorwoche-2015\\\/?page_id=12\",\"url\":\"https:\\\/\\\/web-look.ch\\\/chorwoche-2015\\\/?page_id=12\",\"name\":\"\u00dcber uns - Chorwoche\",\"isPartOf\":{\"@id\":\"https:\\\/\\\/web-look.ch\\\/chorwoche-2015\\\/#website\"},\"primaryImageOfPage\":{\"@id\":\"https:\\\/\\\/web-look.ch\\\/chorwoche-2015\\\/?page_id=12#primaryimage\"},\"image\":{\"@id\":\"https:\\\/\\\/web-look.ch\\\/chorwoche-2015\\\/?page_id=12#primaryimage\"},\"thumbnailUrl\":\"http:\\\/\\\/web-look.ch\\\/chorwoche-2015\\\/wp-content\\\/uploads\\\/2023\\\/11\\\/DSC_5719-300x199.jpg\",\"datePublished\":\"2015-05-18T15:41:45+00:00\",\"dateModified\":\"2024-07-04T17:20:32+00:00\",\"description\":\"Verein und Vorstand stellen sich vor: Verein Singwoche f\u00fcr geistliche Musik.\",\"breadcrumb\":{\"@id\":\"https:\\\/\\\/web-look.ch\\\/chorwoche-2015\\\/?page_id=12#breadcrumb\"},\"inLanguage\":\"de\",\"potentialAction\":[{\"@type\":\"ReadAction\",\"target\":[\"https:\\\/\\\/web-look.ch\\\/chorwoche-2015\\\/?page_id=12\"]}]},{\"@type\":\"ImageObject\",\"inLanguage\":\"de\",\"@id\":\"https:\\\/\\\/web-look.ch\\\/chorwoche-2015\\\/?page_id=12#primaryimage\",\"url\":\"https:\\\/\\\/web-look.ch\\\/chorwoche-2015\\\/wp-content\\\/uploads\\\/2023\\\/11\\\/DSC_5719-scaled.jpg\",\"contentUrl\":\"https:\\\/\\\/web-look.ch\\\/chorwoche-2015\\\/wp-content\\\/uploads\\\/2023\\\/11\\\/DSC_5719-scaled.jpg\",\"width\":2560,\"height\":1700},{\"@type\":\"BreadcrumbList\",\"@id\":\"https:\\\/\\\/web-look.ch\\\/chorwoche-2015\\\/?page_id=12#breadcrumb\",\"itemListElement\":[{\"@type\":\"ListItem\",\"position\":1,\"name\":\"Home\",\"item\":\"https:\\\/\\\/web-look.ch\\\/chorwoche-2015\\\/\"},{\"@type\":\"ListItem\",\"position\":2,\"name\":\"\u00dcber uns\"}]},{\"@type\":\"WebSite\",\"@id\":\"https:\\\/\\\/web-look.ch\\\/chorwoche-2015\\\/#website\",\"url\":\"https:\\\/\\\/web-look.ch\\\/chorwoche-2015\\\/\",\"name\":\"Chorwoche\",\"description\":\"\",\"potentialAction\":[{\"@type\":\"SearchAction\",\"target\":{\"@type\":\"EntryPoint\",\"urlTemplate\":\"https:\\\/\\\/web-look.ch\\\/chorwoche-2015\\\/?s={search_term_string}\"},\"query-input\":{\"@type\":\"PropertyValueSpecification\",\"valueRequired\":true,\"valueName\":\"search_term_string\"}}],\"inLanguage\":\"de\"}]}<\/script>\n<!-- \/ Yoast SEO plugin. -->","yoast_head_json":{"title":"\u00dcber uns - Chorwoche","description":"Verein und Vorstand stellen sich vor: Verein Singwoche f\u00fcr geistliche Musik.","robots":{"index":"index","follow":"follow","max-snippet":"max-snippet:-1","max-image-preview":"max-image-preview:large","max-video-preview":"max-video-preview:-1"},"canonical":"https:\/\/web-look.ch\/chorwoche-2015\/?page_id=12","og_locale":"de_DE","og_type":"article","og_title":"\u00dcber uns - Chorwoche","og_description":"Verein und Vorstand stellen sich vor: Verein Singwoche f\u00fcr geistliche Musik.","og_url":"https:\/\/web-look.ch\/chorwoche-2015\/?page_id=12","og_site_name":"Chorwoche","article_modified_time":"2024-07-04T17:20:32+00:00","og_image":[{"url":"http:\/\/web-look.ch\/chorwoche-2015\/wp-content\/uploads\/2023\/11\/DSC_5719-300x199.jpg","type":"","width":"","height":""}],"twitter_card":"summary_large_image","twitter_misc":{"Gesch\u00e4tzte Lesezeit":"3\u00a0Minuten"},"schema":{"@context":"https:\/\/schema.org","@graph":[{"@type":"WebPage","@id":"https:\/\/web-look.ch\/chorwoche-2015\/?page_id=12","url":"https:\/\/web-look.ch\/chorwoche-2015\/?page_id=12","name":"\u00dcber uns - Chorwoche","isPartOf":{"@id":"https:\/\/web-look.ch\/chorwoche-2015\/#website"},"primaryImageOfPage":{"@id":"https:\/\/web-look.ch\/chorwoche-2015\/?page_id=12#primaryimage"},"image":{"@id":"https:\/\/web-look.ch\/chorwoche-2015\/?page_id=12#primaryimage"},"thumbnailUrl":"http:\/\/web-look.ch\/chorwoche-2015\/wp-content\/uploads\/2023\/11\/DSC_5719-300x199.jpg","datePublished":"2015-05-18T15:41:45+00:00","dateModified":"2024-07-04T17:20:32+00:00","description":"Verein und Vorstand stellen sich vor: Verein Singwoche f\u00fcr geistliche Musik.","breadcrumb":{"@id":"https:\/\/web-look.ch\/chorwoche-2015\/?page_id=12#breadcrumb"},"inLanguage":"de","potentialAction":[{"@type":"ReadAction","target":["https:\/\/web-look.ch\/chorwoche-2015\/?page_id=12"]}]},{"@type":"ImageObject","inLanguage":"de","@id":"https:\/\/web-look.ch\/chorwoche-2015\/?page_id=12#primaryimage","url":"https:\/\/web-look.ch\/chorwoche-2015\/wp-content\/uploads\/2023\/11\/DSC_5719-scaled.jpg","contentUrl":"https:\/\/web-look.ch\/chorwoche-2015\/wp-content\/uploads\/2023\/11\/DSC_5719-scaled.jpg","width":2560,"height":1700},{"@type":"BreadcrumbList","@id":"https:\/\/web-look.ch\/chorwoche-2015\/?page_id=12#breadcrumb","itemListElement":[{"@type":"ListItem","position":1,"name":"Home","item":"https:\/\/web-look.ch\/chorwoche-2015\/"},{"@type":"ListItem","position":2,"name":"\u00dcber uns"}]},{"@type":"WebSite","@id":"https:\/\/web-look.ch\/chorwoche-2015\/#website","url":"https:\/\/web-look.ch\/chorwoche-2015\/","name":"Chorwoche","description":"","potentialAction":[{"@type":"SearchAction","target":{"@type":"EntryPoint","urlTemplate":"https:\/\/web-look.ch\/chorwoche-2015\/?s={search_term_string}"},"query-input":{"@type":"PropertyValueSpecification","valueRequired":true,"valueName":"search_term_string"}}],"inLanguage":"de"}]}},"_links":{"self":[{"href":"https:\/\/web-look.ch\/chorwoche-2015\/index.php?rest_route=\/wp\/v2\/pages\/12","targetHints":{"allow":["GET"]}}],"collection":[{"href":"https:\/\/web-look.ch\/chorwoche-2015\/index.php?rest_route=\/wp\/v2\/pages"}],"about":[{"href":"https:\/\/web-look.ch\/chorwoche-2015\/index.php?rest_route=\/wp\/v2\/types\/page"}],"author":[{"embeddable":true,"href":"https:\/\/web-look.ch\/chorwoche-2015\/index.php?rest_route=\/wp\/v2\/users\/1"}],"replies":[{"embeddable":true,"href":"https:\/\/web-look.ch\/chorwoche-2015\/index.php?rest_route=%2Fwp%2Fv2%2Fcomments&post=12"}],"version-history":[{"count":61,"href":"https:\/\/web-look.ch\/chorwoche-2015\/index.php?rest_route=\/wp\/v2\/pages\/12\/revisions"}],"predecessor-version":[{"id":582,"href":"https:\/\/web-look.ch\/chorwoche-2015\/index.php?rest_route=\/wp\/v2\/pages\/12\/revisions\/582"}],"wp:attachment":[{"href":"https:\/\/web-look.ch\/chorwoche-2015\/index.php?rest_route=%2Fwp%2Fv2%2Fmedia&parent=12"}],"curies":[{"name":"wp","href":"https:\/\/api.w.org\/{rel}","templated":true}]}}