{"id":69,"date":"2017-11-16T22:17:47","date_gmt":"2017-11-16T21:17:47","guid":{"rendered":"http:\/\/web-look.ch\/100solido\/?page_id=69"},"modified":"2017-12-21T18:04:56","modified_gmt":"2017-12-21T17:04:56","slug":"abba","status":"publish","type":"page","link":"https:\/\/web-look.ch\/100solido\/index.php\/abba\/","title":{"rendered":"Abba"},"content":{"rendered":"<p><strong><em>Das Engagement der gemeinn\u00fctzigen Organisation ABBA<\/em><\/strong><\/p>\n<p><em>Mit dem Haus Resgata, einem Zuhause f\u00fcr Strassenkinder, begann ABBA 1992 ihr Wirken in Sao Paulo. Die Organisation orientiert sich an christlichen Werten, setzt sich ein, Kindern und Jugendlichen ein Zuhause und Perspektive zu vermitteln. Zahlreiche Projekte und die ganze T\u00e4tigkeit von ABBA unter Strassenkindern und Jugendlichen hat die Re-Integration in der Familie und in der Gesellschaft zum Ziel. ABBA ist seit 2004 pr\u00e4ventiv in Gemeinden t\u00e4tig. Die Organisation arbeitet vor Ort eng mit Kirchgemeinden zusammen.<\/em><\/p>\n<p><strong>Mike, ein Macher mit Herz<\/strong><\/p>\n<p>Mike reiste mit Heidi im Jahr 2000 nach Brasilien um das brasilianische Strassenkinderprojekt ABBA als freiwilliger Mitarbeiter zu unterst\u00fctzen. Nach anderthalb Jahren Einsatz, einer Bibelschule in der Schweiz und spezifischen Kursen f\u00fcr Kinder- und Jugendarbeit reisten sie im Jahr 2003 definitiv in die 20-millionen Stadt Sao Paulo zur\u00fcck. Seither geh\u00f6rt ihr Engagement den Strassenkindern, Kindern in Risikosituationen und Jugendlichen.<\/p>\n<p>Gewalt, Drogen und Prostitution sind Gefahren, denen die Kinder ausgesetzt sind. Vor noch wenigen Jahren \u00fcberwog die Leimdroge auf der Strasse. Heute sieht es leider anders aus; nun ist Crack die Hauptdroge, was die Arbeit schwieriger werden liess. Zerst\u00f6rte Familien und die Armut sind Hauptgr\u00fcnde daf\u00fcr, dass Kinder auf die Strasse kommen. Jetzt arbeitet Mike als Leiter der Schreinerei \u201eS\u00f3lido\u201c. Das junge, im Aufbau befindende Projekt von ABBA bietet Jugendlichen die M\u00f6glichkeit eine Ausbildung als Schreiner oder Schreinerin zu machen und tr\u00e4gt damit zu einer soliden Lebensgrundlage f\u00fcr diese Jugendlichen bei.<\/p>\n<p><img loading=\"lazy\" decoding=\"async\" class=\"size-portfolio wp-image-144 alignleft\" src=\"http:\/\/web-look.ch\/100solido\/wp-content\/uploads\/2017\/12\/favelas-600x371.jpg\" alt=\"\" width=\"600\" height=\"371\" \/><\/p>\n<p>&nbsp;<\/p>","protected":false},"excerpt":{"rendered":"<p>Das Engagement der gemeinn\u00fctzigen Organisation ABBA Mit dem Haus Resgata, einem Zuhause f\u00fcr Strassenkinder, begann ABBA 1992 ihr Wirken in Sao Paulo. Die Organisation orientiert sich an christlichen Werten, setzt sich ein, Kindern und Jugendlichen ein Zuhause und Perspektive zu vermitteln. Zahlreiche Projekte und die ganze T\u00e4tigkeit von ABBA unter Strassenkindern und Jugendlichen hat die Re-Integration in der Familie und in der Gesellschaft zum Ziel. ABBA ist seit 2004 pr\u00e4ventiv in Gemeinden t\u00e4tig. Die Organisation arbeitet vor Ort eng mit&hellip;<\/p>\n","protected":false},"author":1,"featured_media":0,"parent":0,"menu_order":0,"comment_status":"closed","ping_status":"closed","template":"","meta":{"footnotes":""},"class_list":["post-69","page","type-page","status-publish","hentry"],"_links":{"self":[{"href":"https:\/\/web-look.ch\/100solido\/index.php\/wp-json\/wp\/v2\/pages\/69","targetHints":{"allow":["GET"]}}],"collection":[{"href":"https:\/\/web-look.ch\/100solido\/index.php\/wp-json\/wp\/v2\/pages"}],"about":[{"href":"https:\/\/web-look.ch\/100solido\/index.php\/wp-json\/wp\/v2\/types\/page"}],"author":[{"embeddable":true,"href":"https:\/\/web-look.ch\/100solido\/index.php\/wp-json\/wp\/v2\/users\/1"}],"replies":[{"embeddable":true,"href":"https:\/\/web-look.ch\/100solido\/index.php\/wp-json\/wp\/v2\/comments?post=69"}],"version-history":[{"count":4,"href":"https:\/\/web-look.ch\/100solido\/index.php\/wp-json\/wp\/v2\/pages\/69\/revisions"}],"predecessor-version":[{"id":146,"href":"https:\/\/web-look.ch\/100solido\/index.php\/wp-json\/wp\/v2\/pages\/69\/revisions\/146"}],"wp:attachment":[{"href":"https:\/\/web-look.ch\/100solido\/index.php\/wp-json\/wp\/v2\/media?parent=69"}],"curies":[{"name":"wp","href":"https:\/\/api.w.org\/{rel}","templated":true}]}}