{"id":66,"date":"2017-11-16T22:14:10","date_gmt":"2017-11-16T21:14:10","guid":{"rendered":"http:\/\/web-look.ch\/100solido\/?page_id=66"},"modified":"2017-12-21T18:07:01","modified_gmt":"2017-12-21T17:07:01","slug":"wirkung","status":"publish","type":"page","link":"https:\/\/web-look.ch\/100solido\/index.php\/wirkung\/","title":{"rendered":"Wirkung"},"content":{"rendered":"<p><strong>Wirkung des Projektes und der Lehr-Schreinerei Solido<\/strong><\/p>\n<p>Die Perspektive f\u00fcr Jugendlichen aus den Armenvierteln Sao Paulos ist d\u00fcster. Arbeit gibt es selten, die Kriminalit\u00e4t ist hoch.<\/p>\n<p>Mit der Berufslehre als Schreiner oder Schreinerin eignen sich die jungen Menschen handwerkliche F\u00e4higkeiten an und erhalten das R\u00fcstzeug einer regel\u00e4m\u00e4ssigen Arbeit nachzugehen und f\u00fcr sich und eine Familie zu sorgen. W\u00e4hrend der Lehrzeit beginnen sie ihre erworbenen Kompetenzen zudem auf Werte wie Zuverl\u00e4ssigkeit und Ehrlichkeit zu basieren. Das Projekt Solido ver\u00e4ndert die Jugendlichen wirkungsvoll und nachhaltig.<\/p>\n<p><img loading=\"lazy\" decoding=\"async\" class=\"alignleft size-medium wp-image-147\" src=\"http:\/\/web-look.ch\/100solido\/wp-content\/uploads\/2017\/12\/IMG_8535-300x200.jpg\" alt=\"\" width=\"300\" height=\"200\" srcset=\"https:\/\/web-look.ch\/100solido\/wp-content\/uploads\/2017\/12\/IMG_8535-300x200.jpg 300w, https:\/\/web-look.ch\/100solido\/wp-content\/uploads\/2017\/12\/IMG_8535-768x512.jpg 768w, https:\/\/web-look.ch\/100solido\/wp-content\/uploads\/2017\/12\/IMG_8535-600x400.jpg 600w, https:\/\/web-look.ch\/100solido\/wp-content\/uploads\/2017\/12\/IMG_8535.jpg 960w\" sizes=\"auto, (max-width: 300px) 100vw, 300px\" \/><\/p>","protected":false},"excerpt":{"rendered":"<p>Wirkung des Projektes und der Lehr-Schreinerei Solido Die Perspektive f\u00fcr Jugendlichen aus den Armenvierteln Sao Paulos ist d\u00fcster. Arbeit gibt es selten, die Kriminalit\u00e4t ist hoch. Mit der Berufslehre als Schreiner oder Schreinerin eignen sich die jungen Menschen handwerkliche F\u00e4higkeiten an und erhalten das R\u00fcstzeug einer regel\u00e4m\u00e4ssigen Arbeit nachzugehen und f\u00fcr sich und eine Familie zu sorgen. W\u00e4hrend der Lehrzeit beginnen sie ihre erworbenen Kompetenzen zudem auf Werte wie Zuverl\u00e4ssigkeit und Ehrlichkeit zu basieren. Das Projekt Solido ver\u00e4ndert die Jugendlichen&hellip;<\/p>\n","protected":false},"author":1,"featured_media":0,"parent":0,"menu_order":0,"comment_status":"closed","ping_status":"closed","template":"","meta":{"footnotes":""},"class_list":["post-66","page","type-page","status-publish","hentry"],"_links":{"self":[{"href":"https:\/\/web-look.ch\/100solido\/index.php\/wp-json\/wp\/v2\/pages\/66","targetHints":{"allow":["GET"]}}],"collection":[{"href":"https:\/\/web-look.ch\/100solido\/index.php\/wp-json\/wp\/v2\/pages"}],"about":[{"href":"https:\/\/web-look.ch\/100solido\/index.php\/wp-json\/wp\/v2\/types\/page"}],"author":[{"embeddable":true,"href":"https:\/\/web-look.ch\/100solido\/index.php\/wp-json\/wp\/v2\/users\/1"}],"replies":[{"embeddable":true,"href":"https:\/\/web-look.ch\/100solido\/index.php\/wp-json\/wp\/v2\/comments?post=66"}],"version-history":[{"count":4,"href":"https:\/\/web-look.ch\/100solido\/index.php\/wp-json\/wp\/v2\/pages\/66\/revisions"}],"predecessor-version":[{"id":148,"href":"https:\/\/web-look.ch\/100solido\/index.php\/wp-json\/wp\/v2\/pages\/66\/revisions\/148"}],"wp:attachment":[{"href":"https:\/\/web-look.ch\/100solido\/index.php\/wp-json\/wp\/v2\/media?parent=66"}],"curies":[{"name":"wp","href":"https:\/\/api.w.org\/{rel}","templated":true}]}}