{"id":63,"date":"2017-11-16T22:12:47","date_gmt":"2017-11-16T21:12:47","guid":{"rendered":"http:\/\/web-look.ch\/100solido\/?page_id=63"},"modified":"2017-12-16T13:08:12","modified_gmt":"2017-12-16T12:08:12","slug":"spenden","status":"publish","type":"page","link":"https:\/\/web-look.ch\/100solido\/index.php\/spenden\/","title":{"rendered":"Spenden"},"content":{"rendered":"<p><strong>Spenden und G\u00f6nner werden<\/strong><\/p>\n<p>Jede Unterst\u00fctzung wirkt. Spenden Sie jetzt oder werden Sie G\u00f6nner um das Projekt regelm\u00e4ssig zu f\u00f6rdern.<\/p>\n<ul>\n<li>Mit einer einmaligen Spende unterst\u00fctzen Sie das Projekt, berufliche Perspektiven zu schaffen.<\/li>\n<li>Als G\u00f6nnerin oder G\u00f6nner f\u00f6rdern Sie mit einem regelm\u00e4ssigen Beitrag nach Ihrem Ermessen\u00a0den Aufbau der Lehr-Schreinerei Solido.\u00a0Ihre Unterst\u00fctzung setzt nachhaltige Akzente gegen Armut in Brasilien.<\/li>\n<\/ul>\n<p><strong>Ich engagiere mich gleich hier<\/strong><\/p>\n<p>\n<div class=\"wpcf7 no-js\" id=\"wpcf7-f87-o1\" lang=\"de-DE\" dir=\"ltr\" data-wpcf7-id=\"87\">\n<div class=\"screen-reader-response\"><p role=\"status\" aria-live=\"polite\" aria-atomic=\"true\"><\/p> <ul><\/ul><\/div>\n<form action=\"\/100solido\/index.php\/wp-json\/wp\/v2\/pages\/63#wpcf7-f87-o1\" method=\"post\" class=\"wpcf7-form init\" aria-label=\"Kontaktformular\" novalidate=\"novalidate\" data-status=\"init\">\n<fieldset class=\"hidden-fields-container\"><input type=\"hidden\" name=\"_wpcf7\" value=\"87\" \/><input type=\"hidden\" name=\"_wpcf7_version\" value=\"6.1.5\" \/><input type=\"hidden\" name=\"_wpcf7_locale\" value=\"de_DE\" \/><input type=\"hidden\" name=\"_wpcf7_unit_tag\" value=\"wpcf7-f87-o1\" \/><input type=\"hidden\" name=\"_wpcf7_container_post\" value=\"0\" \/><input type=\"hidden\" name=\"_wpcf7_posted_data_hash\" value=\"\" \/>\n<\/fieldset>\n<p>MEINE KONTAKTDATEN\n<\/p>\n<p><span class=\"wpcf7-form-control-wrap\" data-name=\"famname\"><input size=\"40\" maxlength=\"400\" class=\"wpcf7-form-control wpcf7-text wpcf7-validates-as-required\" aria-required=\"true\" aria-invalid=\"false\" placeholder=\"* Name\" value=\"\" type=\"text\" name=\"famname\" \/><\/span>\n<\/p>\n<p><span class=\"wpcf7-form-control-wrap\" data-name=\"vorname\"><input size=\"40\" maxlength=\"400\" class=\"wpcf7-form-control wpcf7-text wpcf7-validates-as-required\" aria-required=\"true\" aria-invalid=\"false\" placeholder=\"* Vorname\" value=\"\" type=\"text\" name=\"vorname\" \/><\/span>\n<\/p>\n<p><span class=\"wpcf7-form-control-wrap\" data-name=\"your-email\"><input size=\"40\" maxlength=\"400\" class=\"wpcf7-form-control wpcf7-email wpcf7-validates-as-required wpcf7-text wpcf7-validates-as-email\" aria-required=\"true\" aria-invalid=\"false\" placeholder=\"* E-Mail\" value=\"\" type=\"email\" name=\"your-email\" \/><\/span>\n<\/p>\n<p>EINMALIGE SPENDE<br \/>\nIch engagiere mich f\u00fcr das Projekt der Lehr-Schreinerei Solido und spende folgenden Betrag<br \/>\n(in CHF):<br \/>\n<span class=\"wpcf7-form-control-wrap\" data-name=\"menu-754\"><select class=\"wpcf7-form-control wpcf7-select\" aria-invalid=\"false\" name=\"menu-754\"><option value=\"\">&#8211; Bitte ausw\u00e4hlen &#8211;<\/option><option value=\"35\">35<\/option><option value=\"50\">50<\/option><option value=\"100\">100<\/option><option value=\"200\">200<\/option><option value=\"500\">500<\/option><option value=\"Betrag nach eigenem Ermessen\">Betrag nach eigenem Ermessen<\/option><\/select><\/span>\n<\/p>\n<p>G\u00d6NNER WERDEN<br \/>\nIch werde G\u00f6nner oder G\u00f6nnerin und f\u00f6rdere das Projekt<br \/>\n<span class=\"wpcf7-form-control-wrap\" data-name=\"menu-771\"><select class=\"wpcf7-form-control wpcf7-select\" aria-invalid=\"false\" name=\"menu-771\"><option value=\"monatlich\">monatlich<\/option><option value=\"alle zwei Monate\">alle zwei Monate<\/option><option value=\"halbj\u00e4hrlich\">halbj\u00e4hrlich<\/option><option value=\"j\u00e4hrlich\">j\u00e4hrlich<\/option><\/select><\/span><br \/>\nmit folgendem Betrag (CHF)<br \/>\n<span class=\"wpcf7-form-control-wrap\" data-name=\"menu-215\"><select class=\"wpcf7-form-control wpcf7-select\" aria-invalid=\"false\" name=\"menu-215\"><option value=\"\">&#8211; Bitte ausw\u00e4hlen &#8211;<\/option><option value=\"35\">35<\/option><option value=\"50\">50<\/option><option value=\"75\">75<\/option><option value=\"100\">100<\/option><option value=\"200\">200<\/option><option value=\"500\">500<\/option><\/select><\/span>\n<\/p>\n<p>ZAHLUNGSART\n<\/p>\n<p><span class=\"wpcf7-form-control-wrap\" data-name=\"radio-286\"><span class=\"wpcf7-form-control wpcf7-radio\"><span class=\"wpcf7-list-item first\"><input type=\"radio\" name=\"radio-286\" value=\"Einzahlungsschein: Senden Sie mir bitte einen Einzahlungsschein\" checked=\"checked\" \/><span class=\"wpcf7-list-item-label\">Einzahlungsschein: Senden Sie mir bitte einen Einzahlungsschein<\/span><\/span><span class=\"wpcf7-list-item last\"><input type=\"radio\" name=\"radio-286\" value=\"Online: Ich \u00fcbernehme die Kontoangaben gleich hier.\" \/><span class=\"wpcf7-list-item-label\">Online: Ich \u00fcbernehme die Kontoangaben gleich hier.<\/span><\/span><\/span><\/span><br \/>\nPostkonto: 80-42881-3, lautend auf Schweizerische Missions-Gemeinschaft,8401 Winterthur<br \/>\nIBAN: CH92 0900 0000 8004 2881 3<br \/>\nSWIFT: POFICHBEXXX<br \/>\nVermerk: 100er Club Solido\n<\/p>\n<p>MEINE ADRESSE\n<\/p>\n<p><span class=\"wpcf7-form-control-wrap\" data-name=\"firma\"><input size=\"40\" maxlength=\"400\" class=\"wpcf7-form-control wpcf7-text\" aria-invalid=\"false\" placeholder=\"Firma\" value=\"\" type=\"text\" name=\"firma\" \/><\/span>\n<\/p>\n<p><span class=\"wpcf7-form-control-wrap\" data-name=\"strasse\"><input size=\"40\" maxlength=\"400\" class=\"wpcf7-form-control wpcf7-text wpcf7-validates-as-required\" aria-required=\"true\" aria-invalid=\"false\" placeholder=\"* Strasse + Nr.\" value=\"\" type=\"text\" name=\"strasse\" \/><\/span>\n<\/p>\n<p><span class=\"wpcf7-form-control-wrap\" data-name=\"adresszusatz\"><input size=\"40\" maxlength=\"400\" class=\"wpcf7-form-control wpcf7-text\" aria-invalid=\"false\" placeholder=\"Adresszusatz\" value=\"\" type=\"text\" name=\"adresszusatz\" \/><\/span>\n<\/p>\n<p><span class=\"wpcf7-form-control-wrap\" data-name=\"plz_ort\"><input size=\"40\" maxlength=\"400\" class=\"wpcf7-form-control wpcf7-text wpcf7-validates-as-required\" aria-required=\"true\" aria-invalid=\"false\" placeholder=\"* PLZ und Ort\" value=\"\" type=\"text\" name=\"plz_ort\" \/><\/span>\n<\/p>\n<p><span class=\"wpcf7-form-control-wrap\" data-name=\"menu-181\"><select class=\"wpcf7-form-control wpcf7-select\" aria-invalid=\"false\" name=\"menu-181\"><option value=\"\">&#8211; Bitte ausw\u00e4hlen &#8211;<\/option><option value=\"Schweiz\">Schweiz<\/option><option value=\"Deutschland\">Deutschland<\/option><option value=\"F\u00fcrstentum Liechtenstein\">F\u00fcrstentum Liechtenstein<\/option><option value=\"\u00d6sterreich\">\u00d6sterreich<\/option><option value=\"andere\">andere<\/option><\/select><\/span>\n<\/p>\n<p><input class=\"wpcf7-form-control wpcf7-submit has-spinner\" type=\"submit\" value=\"Senden\" \/>\n<\/p><div class=\"wpcf7-response-output\" aria-hidden=\"true\"><\/div>\n<\/form>\n<\/div>\n<\/p>","protected":false},"excerpt":{"rendered":"<p>Spenden und G\u00f6nner werden Jede Unterst\u00fctzung wirkt. Spenden Sie jetzt oder werden Sie G\u00f6nner um das Projekt regelm\u00e4ssig zu f\u00f6rdern. Mit einer einmaligen Spende unterst\u00fctzen Sie das Projekt, berufliche Perspektiven zu schaffen. Als G\u00f6nnerin oder G\u00f6nner f\u00f6rdern Sie mit einem regelm\u00e4ssigen Beitrag nach Ihrem Ermessen\u00a0den Aufbau der Lehr-Schreinerei Solido.\u00a0Ihre Unterst\u00fctzung setzt nachhaltige Akzente gegen Armut in Brasilien. Ich engagiere mich gleich hier<\/p>\n","protected":false},"author":1,"featured_media":0,"parent":0,"menu_order":0,"comment_status":"closed","ping_status":"closed","template":"","meta":{"footnotes":""},"class_list":["post-63","page","type-page","status-publish","hentry"],"_links":{"self":[{"href":"https:\/\/web-look.ch\/100solido\/index.php\/wp-json\/wp\/v2\/pages\/63","targetHints":{"allow":["GET"]}}],"collection":[{"href":"https:\/\/web-look.ch\/100solido\/index.php\/wp-json\/wp\/v2\/pages"}],"about":[{"href":"https:\/\/web-look.ch\/100solido\/index.php\/wp-json\/wp\/v2\/types\/page"}],"author":[{"embeddable":true,"href":"https:\/\/web-look.ch\/100solido\/index.php\/wp-json\/wp\/v2\/users\/1"}],"replies":[{"embeddable":true,"href":"https:\/\/web-look.ch\/100solido\/index.php\/wp-json\/wp\/v2\/comments?post=63"}],"version-history":[{"count":6,"href":"https:\/\/web-look.ch\/100solido\/index.php\/wp-json\/wp\/v2\/pages\/63\/revisions"}],"predecessor-version":[{"id":134,"href":"https:\/\/web-look.ch\/100solido\/index.php\/wp-json\/wp\/v2\/pages\/63\/revisions\/134"}],"wp:attachment":[{"href":"https:\/\/web-look.ch\/100solido\/index.php\/wp-json\/wp\/v2\/media?parent=63"}],"curies":[{"name":"wp","href":"https:\/\/api.w.org\/{rel}","templated":true}]}}