{"id":60,"date":"2017-11-16T22:12:05","date_gmt":"2017-11-16T21:12:05","guid":{"rendered":"http:\/\/web-look.ch\/100solido\/?page_id=60"},"modified":"2017-12-04T18:08:38","modified_gmt":"2017-12-04T17:08:38","slug":"hintergrund","status":"publish","type":"page","link":"https:\/\/web-look.ch\/100solido\/index.php\/hintergrund\/","title":{"rendered":"Hintergrund"},"content":{"rendered":"<p><strong>Hintergrund<\/strong><\/p>\n<p>Jugendliche in Brasiliens Armenviertel sind oft Armut, Gewalt und Drogen ausgeliefert. Mike ist mit seiner Familie vor 17 Jahren von der Schweiz nach Sao Paulo gezogen. Seither engagiert sich Mike zusammen mit seiner Frau Heidi unter Strassenkindern und geben Jugendlichen eine Zukunft.<\/p>\n<p>In der kleinen Schreinerei, die zum gemeinn\u00fctzigen Projekt ABBA geh\u00f6rt, bildet Mike und sein Team seit 2014 Jugendliche aus.<\/p>\n<p>Das Projekt der Schreinerei \u201eSolido\u201c zeigte bereits in der Pionierphase, dass die Jugendlichen die Ausbildung sch\u00e4tzen, dass sich die hergestellten Produkte am Markt verkaufen lassen und dass dadurch wirtschaftliche Perspektiven f\u00fcr junge Menschen geschaffen werden. Jetzt wird der Platz zu eng, die Werkstattmiete steigt, das Projekt will wachsen.<\/p>\n<p>Die Lehr-Schreinerei ist ein Projekt des gemeinn\u00fctzigen Vereins ABBA, der in Sao Paulo seit 1992 in Favelas, unter Strassenkindern und f\u00fcr die oft vergessene Jugend Brasiliens t\u00e4tig ist. Die Finanzen aus dem 100er-Club Solido werden bis zum geplanten Bau der Lehr-Schreinerei bzw. dem Kauf der Maschinen in einem zweckgebundenen Fonds des gemeinn\u00fctzigen Vereins ABBA thesauriert.<\/p>","protected":false},"excerpt":{"rendered":"<p>Hintergrund Jugendliche in Brasiliens Armenviertel sind oft Armut, Gewalt und Drogen ausgeliefert. Mike ist mit seiner Familie vor 17 Jahren von der Schweiz nach Sao Paulo gezogen. Seither engagiert sich Mike zusammen mit seiner Frau Heidi unter Strassenkindern und geben Jugendlichen eine Zukunft. In der kleinen Schreinerei, die zum gemeinn\u00fctzigen Projekt ABBA geh\u00f6rt, bildet Mike und sein Team seit 2014 Jugendliche aus. Das Projekt der Schreinerei \u201eSolido\u201c zeigte bereits in der Pionierphase, dass die Jugendlichen die Ausbildung sch\u00e4tzen, dass sich&hellip;<\/p>\n","protected":false},"author":1,"featured_media":0,"parent":0,"menu_order":0,"comment_status":"closed","ping_status":"closed","template":"","meta":{"footnotes":""},"class_list":["post-60","page","type-page","status-publish","hentry"],"_links":{"self":[{"href":"https:\/\/web-look.ch\/100solido\/index.php\/wp-json\/wp\/v2\/pages\/60","targetHints":{"allow":["GET"]}}],"collection":[{"href":"https:\/\/web-look.ch\/100solido\/index.php\/wp-json\/wp\/v2\/pages"}],"about":[{"href":"https:\/\/web-look.ch\/100solido\/index.php\/wp-json\/wp\/v2\/types\/page"}],"author":[{"embeddable":true,"href":"https:\/\/web-look.ch\/100solido\/index.php\/wp-json\/wp\/v2\/users\/1"}],"replies":[{"embeddable":true,"href":"https:\/\/web-look.ch\/100solido\/index.php\/wp-json\/wp\/v2\/comments?post=60"}],"version-history":[{"count":2,"href":"https:\/\/web-look.ch\/100solido\/index.php\/wp-json\/wp\/v2\/pages\/60\/revisions"}],"predecessor-version":[{"id":103,"href":"https:\/\/web-look.ch\/100solido\/index.php\/wp-json\/wp\/v2\/pages\/60\/revisions\/103"}],"wp:attachment":[{"href":"https:\/\/web-look.ch\/100solido\/index.php\/wp-json\/wp\/v2\/media?parent=60"}],"curies":[{"name":"wp","href":"https:\/\/api.w.org\/{rel}","templated":true}]}}