{"id":12,"date":"2017-11-15T18:33:08","date_gmt":"2017-11-15T17:33:08","guid":{"rendered":"http:\/\/web-look.ch\/100solido\/?page_id=12"},"modified":"2017-12-04T18:04:43","modified_gmt":"2017-12-04T17:04:43","slug":"seite-2","status":"publish","type":"page","link":"https:\/\/web-look.ch\/100solido\/index.php\/seite-2\/","title":{"rendered":"100er Club"},"content":{"rendered":"<p><strong>Mitglied werden im 100er-Club Solido<\/strong><\/p>\n<p>Dank Ihrem monatlichen Engagement k\u00f6nnen wir die Lehr-Schreinerei bauen und mit den n\u00f6tigen Ger\u00e4ten und Maschinen ausr\u00fcsten.<\/p>\n<p><strong>Ich werde Mitglied im 100er-Club Solido<\/strong><br \/>\nIch bezahle monatlich 100 Franken. Mit meinem Engagmement leiste ich einen direkten und nachhaltigne Beitrag an die Ausbildung junger Menschen in Brasilien. Durch die Lehr-Schreinerei haben diese Jugendlichen eine gute Chance, auf dem Arbeitsmarkt ihr Auskommen zu erarbeiten. Mein Engagement wirkt.<\/p>\n<p><a href=\"http:\/\/web-look.ch\/100solido\/index.php\/mitglied-werden\/\">Ich m\u00f6chte Mitglied werden.<\/a><\/p>","protected":false},"excerpt":{"rendered":"<p>Mitglied werden im 100er-Club Solido Dank Ihrem monatlichen Engagement k\u00f6nnen wir die Lehr-Schreinerei bauen und mit den n\u00f6tigen Ger\u00e4ten und Maschinen ausr\u00fcsten. Ich werde Mitglied im 100er-Club Solido Ich bezahle monatlich 100 Franken. Mit meinem Engagmement leiste ich einen direkten und nachhaltigne Beitrag an die Ausbildung junger Menschen in Brasilien. Durch die Lehr-Schreinerei haben diese Jugendlichen eine gute Chance, auf dem Arbeitsmarkt ihr Auskommen zu erarbeiten. Mein Engagement wirkt. Ich m\u00f6chte Mitglied werden.<\/p>\n","protected":false},"author":1,"featured_media":0,"parent":0,"menu_order":0,"comment_status":"closed","ping_status":"closed","template":"","meta":{"footnotes":""},"class_list":["post-12","page","type-page","status-publish","hentry"],"_links":{"self":[{"href":"https:\/\/web-look.ch\/100solido\/index.php\/wp-json\/wp\/v2\/pages\/12","targetHints":{"allow":["GET"]}}],"collection":[{"href":"https:\/\/web-look.ch\/100solido\/index.php\/wp-json\/wp\/v2\/pages"}],"about":[{"href":"https:\/\/web-look.ch\/100solido\/index.php\/wp-json\/wp\/v2\/types\/page"}],"author":[{"embeddable":true,"href":"https:\/\/web-look.ch\/100solido\/index.php\/wp-json\/wp\/v2\/users\/1"}],"replies":[{"embeddable":true,"href":"https:\/\/web-look.ch\/100solido\/index.php\/wp-json\/wp\/v2\/comments?post=12"}],"version-history":[{"count":11,"href":"https:\/\/web-look.ch\/100solido\/index.php\/wp-json\/wp\/v2\/pages\/12\/revisions"}],"predecessor-version":[{"id":101,"href":"https:\/\/web-look.ch\/100solido\/index.php\/wp-json\/wp\/v2\/pages\/12\/revisions\/101"}],"wp:attachment":[{"href":"https:\/\/web-look.ch\/100solido\/index.php\/wp-json\/wp\/v2\/media?parent=12"}],"curies":[{"name":"wp","href":"https:\/\/api.w.org\/{rel}","templated":true}]}}