{"id":114,"date":"2017-12-05T20:21:04","date_gmt":"2017-12-05T19:21:04","guid":{"rendered":"http:\/\/web-look.ch\/100solido\/?page_id=114"},"modified":"2017-12-16T13:41:21","modified_gmt":"2017-12-16T12:41:21","slug":"fakten","status":"publish","type":"page","link":"https:\/\/web-look.ch\/100solido\/index.php\/fakten\/","title":{"rendered":"Fakten"},"content":{"rendered":"<p>Die im 100er-Club Solido gesammelten Spenden werden vollumf\u00e4nglich f\u00fcr den Bau und die Installation der Lehr-Schreinerei Solido eingesetzt. Der eigentliche Betrieb der Lehr-Schreinerei wird durch den Verkauf der produzierten M\u00f6bel und Produkte finanziert.<\/p>\n<p><strong>Kosten<\/strong><br \/>\nDer Aufwand von total 1,1 Million Franken verteilt sich auf Kosten f\u00fcr Land und Geb\u00e4ude von CHF 625&#8217;000 und auf Maschinen und Einrichtungen von CHF 447&#8217;000 sowie einem Lieferwagen von rund CHF 25&#8217;000.<\/p>\n<p><strong>Finanzierung<\/strong><br \/>\nDie Mittel zur Finanzierung werden in Brasilien und in der Schweiz gesammelt. Mit dem Verkauf eines Geb\u00e4udes des Tr\u00e4gervereins ABBA wird ein Grundbeitrag von CHF 125&#8217;000 erzielt. F\u00f6rdergelder aus Stiftungen sollen einen Teilbetrag von CHF 200&#8217;000 decken. Mit dem 100er-Club sollen von 2018 bis 2021 rund CHF 600&#8217;000 in der Schweiz und einen Anteil von CHF 156&#8217;000 in Brasilien gesammelt werden.<\/p>\n<p>Die Mitglieder des 100er-Clubs erhalten j\u00e4hrlich einen Statusbericht und Angaben \u00fcber den Fortschritt des Projektes.<\/p>\n<p><strong>Diagramm zur Finanzierung des Projektes &#8222;Lehr-Schreinerei Solido&#8220;<\/strong><\/p>\n<p><img loading=\"lazy\" decoding=\"async\" class=\"alignnone size-full wp-image-120\" src=\"http:\/\/web-look.ch\/100solido\/wp-content\/uploads\/2017\/12\/Diagramm-Finanzen.png\" alt=\"\" width=\"503\" height=\"311\" srcset=\"https:\/\/web-look.ch\/100solido\/wp-content\/uploads\/2017\/12\/Diagramm-Finanzen.png 503w, https:\/\/web-look.ch\/100solido\/wp-content\/uploads\/2017\/12\/Diagramm-Finanzen-300x185.png 300w\" sizes=\"auto, (max-width: 503px) 100vw, 503px\" \/><\/p>","protected":false},"excerpt":{"rendered":"<p>Die im 100er-Club Solido gesammelten Spenden werden vollumf\u00e4nglich f\u00fcr den Bau und die Installation der Lehr-Schreinerei Solido eingesetzt. Der eigentliche Betrieb der Lehr-Schreinerei wird durch den Verkauf der produzierten M\u00f6bel und Produkte finanziert. Kosten Der Aufwand von total 1,1 Million Franken verteilt sich auf Kosten f\u00fcr Land und Geb\u00e4ude von CHF 625&#8217;000 und auf Maschinen und Einrichtungen von CHF 447&#8217;000 sowie einem Lieferwagen von rund CHF 25&#8217;000. Finanzierung Die Mittel zur Finanzierung werden in Brasilien und in der Schweiz gesammelt.&hellip;<\/p>\n","protected":false},"author":1,"featured_media":0,"parent":0,"menu_order":0,"comment_status":"closed","ping_status":"closed","template":"","meta":{"footnotes":""},"class_list":["post-114","page","type-page","status-publish","hentry"],"_links":{"self":[{"href":"https:\/\/web-look.ch\/100solido\/index.php\/wp-json\/wp\/v2\/pages\/114","targetHints":{"allow":["GET"]}}],"collection":[{"href":"https:\/\/web-look.ch\/100solido\/index.php\/wp-json\/wp\/v2\/pages"}],"about":[{"href":"https:\/\/web-look.ch\/100solido\/index.php\/wp-json\/wp\/v2\/types\/page"}],"author":[{"embeddable":true,"href":"https:\/\/web-look.ch\/100solido\/index.php\/wp-json\/wp\/v2\/users\/1"}],"replies":[{"embeddable":true,"href":"https:\/\/web-look.ch\/100solido\/index.php\/wp-json\/wp\/v2\/comments?post=114"}],"version-history":[{"count":3,"href":"https:\/\/web-look.ch\/100solido\/index.php\/wp-json\/wp\/v2\/pages\/114\/revisions"}],"predecessor-version":[{"id":121,"href":"https:\/\/web-look.ch\/100solido\/index.php\/wp-json\/wp\/v2\/pages\/114\/revisions\/121"}],"wp:attachment":[{"href":"https:\/\/web-look.ch\/100solido\/index.php\/wp-json\/wp\/v2\/media?parent=114"}],"curies":[{"name":"wp","href":"https:\/\/api.w.org\/{rel}","templated":true}]}}